{"id":208592,"date":"2019-01-11T20:02:47","date_gmt":"2019-01-11T19:02:47","guid":{"rendered":"http:\/\/www.mediacentercube.it\/?page_id=208592"},"modified":"2019-01-14T16:54:38","modified_gmt":"2019-01-14T15:54:38","slug":"come-creare-fatel-magonet","status":"publish","type":"page","link":"http:\/\/www.mediacentercube.it\/index.php\/come-creare-fatel-magonet\/","title":{"rendered":"Come creare una fattura elettronica con Mago.Net"},"content":{"rendered":"<p>[et_pb_section fb_built=&#8221;1&#8243; fullwidth=&#8221;on&#8221; admin_label=&#8221;section&#8221; _builder_version=&#8221;3.0.47&#8243;][et_pb_fullwidth_slider show_arrows=&#8221;off&#8221; show_pagination=&#8221;off&#8221; admin_label=&#8221;Fullwidth Slider&#8221; _builder_version=&#8221;3.19.4&#8243; header_font=&#8221;||||||||&#8221; body_font=&#8221;||||||||&#8221; background_position=&#8221;top_left&#8221; box_shadow_style=&#8221;preset6&#8243; box_shadow_blur=&#8221;10px&#8221; box_shadow_color=&#8221;rgba(0,0,0,0.1)&#8221; custom_padding=&#8221;|||&#8221; button_text_size__hover_enabled=&#8221;off&#8221; button_text_size__hover=&#8221;null&#8221; button_one_text_size__hover_enabled=&#8221;off&#8221; button_one_text_size__hover=&#8221;null&#8221; button_two_text_size__hover_enabled=&#8221;off&#8221; button_two_text_size__hover=&#8221;null&#8221; button_text_color__hover_enabled=&#8221;off&#8221; button_text_color__hover=&#8221;null&#8221; button_one_text_color__hover_enabled=&#8221;off&#8221; button_one_text_color__hover=&#8221;null&#8221; button_two_text_color__hover_enabled=&#8221;off&#8221; button_two_text_color__hover=&#8221;null&#8221; button_border_width__hover_enabled=&#8221;off&#8221; button_border_width__hover=&#8221;null&#8221; button_one_border_width__hover_enabled=&#8221;off&#8221; button_one_border_width__hover=&#8221;null&#8221; button_two_border_width__hover_enabled=&#8221;off&#8221; button_two_border_width__hover=&#8221;null&#8221; button_border_color__hover_enabled=&#8221;off&#8221; button_border_color__hover=&#8221;null&#8221; button_one_border_color__hover_enabled=&#8221;off&#8221; button_one_border_color__hover=&#8221;null&#8221; button_two_border_color__hover_enabled=&#8221;off&#8221; button_two_border_color__hover=&#8221;null&#8221; button_border_radius__hover_enabled=&#8221;off&#8221; button_border_radius__hover=&#8221;null&#8221; button_one_border_radius__hover_enabled=&#8221;off&#8221; button_one_border_radius__hover=&#8221;null&#8221; button_two_border_radius__hover_enabled=&#8221;off&#8221; button_two_border_radius__hover=&#8221;null&#8221; button_letter_spacing__hover_enabled=&#8221;on&#8221; button_letter_spacing__hover=&#8221;0&#8243; button_one_letter_spacing__hover_enabled=&#8221;off&#8221; button_one_letter_spacing__hover=&#8221;null&#8221; button_two_letter_spacing__hover_enabled=&#8221;off&#8221; button_two_letter_spacing__hover=&#8221;null&#8221; button_bg_color__hover_enabled=&#8221;off&#8221; button_bg_color__hover=&#8221;null&#8221; button_one_bg_color__hover_enabled=&#8221;off&#8221; button_one_bg_color__hover=&#8221;null&#8221; button_two_bg_color__hover_enabled=&#8221;off&#8221; button_two_bg_color__hover=&#8221;null&#8221;][et_pb_slide heading=&#8221;Come creare una Fattura Elettronica con Mago.Net&#8221; use_bg_overlay=&#8221;off&#8221; use_text_overlay=&#8221;off&#8221; _builder_version=&#8221;3.19.4&#8243; header_font=&#8221;|600||||on|||&#8221; body_font=&#8221;||||||||&#8221; body_font_size=&#8221;30&#8243; body_font_size_tablet=&#8221;30&#8243; body_font_size_phone=&#8221;14&#8243; body_font_size_last_edited=&#8221;on|phone&#8221; background_color=&#8221;#ffffff&#8221; background_image=&#8221;http:\/\/www.mediacentercube.it\/wp-content\/uploads\/2018\/11\/img_mc3_digital-hub.jpg&#8221; button_on_hover=&#8221;on&#8221;]<\/p>\n<p>&nbsp;<\/p>\n<p>&nbsp;<\/p>\n<p>&nbsp;<\/p>\n<p>&nbsp;<\/p>\n<p>[\/et_pb_slide][\/et_pb_fullwidth_slider][\/et_pb_section][et_pb_section fb_built=&#8221;1&#8243; custom_padding_last_edited=&#8221;on|desktop&#8221; _builder_version=&#8221;3.0.74&#8243; background_color=&#8221;#ffffff&#8221; custom_padding_tablet=&#8221;50px|0|50px|0&#8243; transparent_background=&#8221;off&#8221; padding_mobile=&#8221;off&#8221;][et_pb_row _builder_version=&#8221;3.0.47&#8243; background_size=&#8221;initial&#8221; background_position=&#8221;top_left&#8221; background_repeat=&#8221;repeat&#8221;][et_pb_column type=&#8221;4_4&#8243; _builder_version=&#8221;3.0.47&#8243; parallax=&#8221;off&#8221; parallax_method=&#8221;on&#8221;][et_pb_text _builder_version=&#8221;3.19.4&#8243; background_size=&#8221;initial&#8221; background_position=&#8221;top_left&#8221; background_repeat=&#8221;repeat&#8221; use_border_color=&#8221;off&#8221; border_color=&#8221;#ffffff&#8221; border_style=&#8221;solid&#8221;]<\/p>\n<p style=\"text-align: justify;\"><strong>La creazione di una fattura elettronica attiva in Mago.Net segue l&#8217;iter standard della creazione di tali documenti.<\/strong><\/p>\n<p style=\"text-align: justify;\">Nel corpo di una fattura di Mago.Net vi possono essere diverse tipologie di righe come ad esempio righe di tipo Merce, Servizio, Riferimento, Descrittiva e Note.<br \/>Con il rilascio di Mago.Net 3.14.6 \u00e8 stata modificata l&#8217;invio delle righe di tipo Riferimento\/Descrittiva\/Note; per tale motivo la gestione di tale tipologia di righe \u00e8 diverso in base alla versione di Mago.Net installata.<\/p>\n<p style=\"text-align: justify;\"><strong>Righe di tipo Descrittiva e Note in Mago.Net 3.14.5 e versioni precedenti<\/strong><br \/>In Mago.Net 3.14.5 e versioni precedenti, la procedura di invio delle fatture elettroniche comunica al Sistema di Interscambio (SDI) solo le righe di tipo Merce e Servizio e non trasferisce le righe di tipo Descrittiva e Note.<\/p>\n<p style=\"text-align: justify;\">Per evitare che eventuali informazioni richieste dal cliente risultino mancanti \u00e8 possibile configurare Mago.Net in modo da riportare le Note contenute nelle righe di tipo Merce e\/o Servizio.<br \/>Una volta che \u00e8 stata attivata la funzionalit\u00e0 sopra indicata l&#8217;utente potr\u00e0 inserire il testo delle annotazioni nel campo &#8220;Note&#8221; delle righe di tipo Merce\/servizi.<\/p>\n<p>[\/et_pb_text][\/et_pb_column][\/et_pb_row][et_pb_row _builder_version=&#8221;3.0.47&#8243; background_size=&#8221;initial&#8221; background_position=&#8221;top_left&#8221; background_repeat=&#8221;repeat&#8221;][et_pb_column type=&#8221;4_4&#8243; _builder_version=&#8221;3.0.47&#8243; parallax=&#8221;off&#8221; parallax_method=&#8221;on&#8221;][et_pb_image src=&#8221;http:\/\/www.mediacentercube.it\/wp-content\/uploads\/2019\/01\/img_mc3_guida-fatel-08.png&#8221; _builder_version=&#8221;3.19.4&#8243;][\/et_pb_image][\/et_pb_column][\/et_pb_row][et_pb_row _builder_version=&#8221;3.0.47&#8243; background_size=&#8221;initial&#8221; background_position=&#8221;top_left&#8221; background_repeat=&#8221;repeat&#8221;][et_pb_column type=&#8221;4_4&#8243; _builder_version=&#8221;3.0.47&#8243; parallax=&#8221;off&#8221; parallax_method=&#8221;on&#8221;][et_pb_text _builder_version=&#8221;3.19.4&#8243; background_size=&#8221;initial&#8221; background_position=&#8221;top_left&#8221; background_repeat=&#8221;repeat&#8221; use_border_color=&#8221;off&#8221; border_color=&#8221;#ffffff&#8221; border_style=&#8221;solid&#8221;]<\/p>\n<p style=\"text-align: justify;\">L&#8217;utente pu\u00f2 controllare le note che verranno inviate allo SDI nella scheda &#8220;Fatturazione elettronica&#8221; selezionando il nodo 2.2.1.<br \/>Qualora la nota sia pi\u00f9 lunga di 60 caratteri, il testo verr\u00e0 suddiviso in pi\u00f9 note della lunghezza massima sopra indicata.<\/p>\n<p>[\/et_pb_text][et_pb_image src=&#8221;http:\/\/www.mediacentercube.it\/wp-content\/uploads\/2019\/01\/img_mc3_guida-fatel-09.png&#8221; _builder_version=&#8221;3.19.4&#8243;][\/et_pb_image][\/et_pb_column][\/et_pb_row][et_pb_row _builder_version=&#8221;3.0.47&#8243; background_size=&#8221;initial&#8221; background_position=&#8221;top_left&#8221; background_repeat=&#8221;repeat&#8221;][et_pb_column type=&#8221;4_4&#8243; _builder_version=&#8221;3.0.47&#8243; parallax=&#8221;off&#8221; parallax_method=&#8221;on&#8221;][et_pb_text _builder_version=&#8221;3.19.4&#8243; background_size=&#8221;initial&#8221; background_position=&#8221;top_left&#8221; background_repeat=&#8221;repeat&#8221; use_border_color=&#8221;off&#8221; border_color=&#8221;#ffffff&#8221; border_style=&#8221;solid&#8221;]<\/p>\n<p style=\"text-align: justify;\"><strong>Righe di tipo Riferimento ed il caso dei DDT in Mago.Net 3.14.5 e versioni precedenti<\/strong><\/p>\n<p style=\"text-align: justify;\">Come indicato nel paragrafo precedente, in Mago.Net 3.14.5 e versioni precedenti allo SDI vengono inviati solo le righe di tipo Merce e Servizi pertanto anche le informazioni contenute nelle righe di tipo Riferimento sono escluse dall&#8217;invio. <br \/>Per quanto riguarda le righe di tipo riferimento, al momento \u00e8 possibile richiedere all&#8217;assistenza MediaCentercube l&#8217;attivazione della visualizzazione in fattura elettronica dei soli riferimenti ai Documenti di Trasporto (DDT).<\/p>\n<p style=\"text-align: justify;\">L&#8217;utente pu\u00f2 controllare il riferimento ai DDT che vengono inviate allo SDI nella scheda &#8220;Fatturazione elettronica&#8221; selezionando il nodo 2.1.8.<\/p>\n<p>[\/et_pb_text][\/et_pb_column][\/et_pb_row][et_pb_row _builder_version=&#8221;3.0.47&#8243; background_size=&#8221;initial&#8221; background_position=&#8221;top_left&#8221; background_repeat=&#8221;repeat&#8221;][et_pb_column type=&#8221;4_4&#8243; _builder_version=&#8221;3.0.47&#8243; parallax=&#8221;off&#8221; parallax_method=&#8221;on&#8221;][et_pb_text _builder_version=&#8221;3.19.4&#8243; background_size=&#8221;initial&#8221; background_position=&#8221;top_left&#8221; background_repeat=&#8221;repeat&#8221; use_border_color=&#8221;off&#8221; border_color=&#8221;#ffffff&#8221; border_style=&#8221;solid&#8221;]<\/p>\n<p style=\"text-align: justify;\"><strong>Righe di tipo Riferimento, Descrittiva e Note in Mago.Net 3.14.6 e versioni successive<\/strong><\/p>\n<p style=\"text-align: justify;\">In Mago.Net 3.14.6 e versioni successive, \u00e8 stata introdotta la possibilit\u00e0, di riportare nell&#8217;XML di una fattura elettronica anche le righe di tipo Descrittiva, Nota e Riferimento.<br \/>Il testo verr\u00e0 inserito nel campo 2.2.1.4 Descrizione e la riga riporter\u00e0 Prezzo Unitario, Prezzo Totale pari a 0, Quantit\u00e0 ed Unit\u00e0 Misura non valorizzata, Aliquota Iva con un valore gi\u00e0 presente nel documento.<\/p>\n<p style=\"text-align: justify;\">Non \u00e8 obbligatorio riportare o escludere dall&#8217;XML tutte le righe di tipo Descrittiva, Nota e Riferimento, infatti \u00e8 possibile indicare per ciascuna riga il comportamento da tenere. Per scegliere quali righe devono essere riportate e quali invece devono essere tralasciate, \u00e8 possibile agire sulla scheda &#8220;Dati Principali&#8221; del documento e per ciascuna riga indicare nel campo &#8220;In FE&#8221; se riportarla o non riportarla nella fattura elettronica.<\/p>\n<p>[\/et_pb_text][et_pb_image src=&#8221;http:\/\/www.mediacentercube.it\/wp-content\/uploads\/2019\/01\/img_mc3_guida-fatel-10.png&#8221; _builder_version=&#8221;3.19.4&#8243;][\/et_pb_image][et_pb_text _builder_version=&#8221;3.19.4&#8243;]<\/p>\n<p style=\"text-align: justify;\">In Mago.Net 3.14.6, il riferimento ai DDT che verr\u00e0 inviato allo SDI sar\u00e0 sempre visibile nella scheda &#8220;Fatturazione elettronica&#8221; selezionando il nodo 2.1.8, con facolt\u00e0 per l&#8217;utente di intervenire manualmente nel campo sopra descritto al fine di visualizzarlo insieme alle altre tipologie di riga.<\/p>\n<p style=\"text-align: justify;\">Se l&#8217;azienda desidera sempre riportare nell&#8217;XML tutte le righe di tipo Descrittiva, Nota e Riferimento \u00e8 possibile impostare i parametri delle comunicazioni digitali in modo che le righe risultino gi\u00e0 automaticamente da comunicare. <br \/>Il parametro da impostare per ogni tipologia di riga si trova\u00a0nella scheda &#8220;Altri dati FE&#8221; dei &#8220;Parametri Comunicazioni Digitali&#8221; disponibile in [Parametri e Servizi&gt;Parametri&gt;Comunicazioni Digitali]<\/p>\n<p>[\/et_pb_text][et_pb_image src=&#8221;http:\/\/www.mediacentercube.it\/wp-content\/uploads\/2019\/01\/img_mc3_guida-fatel-11.png&#8221; _builder_version=&#8221;3.19.4&#8243;][\/et_pb_image][et_pb_text _builder_version=&#8221;3.19.4&#8243;]<\/p>\n<p style=\"text-align: justify;\">I parametri per il riporto delle righe agiranno solo sulle righe Riferimento\/Nota\/Descrittiva inserite manualmente nel documento e l&#8217;utente potr\u00e0 comunque decidere per ciascuna riga se comunicarla o tralasciarla.<\/p>\n<p>[\/et_pb_text][\/et_pb_column][\/et_pb_row][et_pb_row _builder_version=&#8221;3.19.4&#8243;][et_pb_column type=&#8221;4_4&#8243; _builder_version=&#8221;3.0.47&#8243; parallax=&#8221;off&#8221; parallax_method=&#8221;on&#8221;][et_pb_text _builder_version=&#8221;3.19.4&#8243;]<\/p>\n<p style=\"text-align: justify;\"><strong>Carica Riferimenti e CIG\/CUP<\/strong><\/p>\n<p style=\"text-align: justify;\">Se in una fattura elettronica, i riferimenti al CIG ed al CUP non sono stati correttamente riportati (ad esempio perch\u00e9 inseriti nei documenti\/anagrafiche dopo della generazione della fattura stessa) \u00e8 possibile ripetere il caricamento del CIG e del CUP agendo sul comando &#8220;Carica Riferimenti e CIG\/CUP&#8221; disponibile dal men\u00f9 a tendina del pulsante &#8220;Funzioni Comunicazioni Digitali&#8221;.<br \/>L&#8217;opzione &#8220;Carica riferimenti CIG\/CUP&#8221; \u00e8 attivabile solo quando la fattura si trova in modifica del documento e deve essere attivata apponendo il flag su &#8220;Gestione manuale riferimenti&#8221; nella maschera dei &#8220;Parametri Comunicazioni Digitali&#8221; disponibile in [Preferenze&gt;Comunicazioni Digitali].<\/p>\n<p style=\"text-align: justify;\">L&#8217;utente pu\u00f2 controllare il riferimento al CIG\/CUP che viene inviato allo SDI nella scheda &#8220;Fatturazione elettronica&#8221; selezionando il nodo 2.1.2.<\/p>\n<p>[\/et_pb_text][et_pb_image src=&#8221;http:\/\/www.mediacentercube.it\/wp-content\/uploads\/2019\/01\/img_mc3_guida-fatel-12.png&#8221; _builder_version=&#8221;3.19.4&#8243;][\/et_pb_image][\/et_pb_column][\/et_pb_row][et_pb_row _builder_version=&#8221;3.19.4&#8243;][et_pb_column type=&#8221;4_4&#8243; _builder_version=&#8221;3.0.47&#8243; parallax=&#8221;off&#8221; parallax_method=&#8221;on&#8221;][et_pb_text _builder_version=&#8221;3.19.4&#8243;]<\/p>\n<p style=\"text-align: justify;\"><strong>Verifica dei dati inseriti nella fattura elettronica<\/strong><\/p>\n<p style=\"text-align: justify;\">Quando una fattura viene inviata da Mago.Net al Digital Hub di Zucchetti, la fattura non pu\u00f2 essere pi\u00f9 modificata, \u00e8 quindi consigliabile verificare di aver inserito tutte le informazioni che si desidera includere nel file XML della fattura elettronica prima di procedere all&#8217;invio.<\/p>\n<p style=\"text-align: justify;\">Gi\u00e0 nei paragrafi precedenti si \u00e8 visto che le informazioni inviate con la fatturazione elettronica sono riportate nella scheda &#8220;Fatturazione elettronica&#8221; del documento stesso. Espandendo e selezionando i vari nodi \u00e8 possibile vedere quali informazioni saranno inviate.<\/p>\n<p style=\"text-align: justify;\">Si ricorda che i dati identificativi del documento (quali ad es. Dati dell&#8217;azienda emittente, partiva IVA, codice fiscale, indirizzo, ecc &#8211; indicati nel ramo 1) non sono mostrati in questa scheda e non sono modificabili, mentre sono visibili nella scheda e risultano modificabili i dati aggiuntivi (riepilogati nel ramo 2).<br \/>La configurazione di Mago.Net per l&#8217;invio dei dati aggiuntivi pu\u00f2 essere richiesta all&#8217;assistenza di MediaCentercube.<\/p>\n<p>[\/et_pb_text][et_pb_image src=&#8221;http:\/\/www.mediacentercube.it\/wp-content\/uploads\/2019\/01\/img_mc3_guida-fatel-13.png&#8221; _builder_version=&#8221;3.19.4&#8243;][\/et_pb_image][et_pb_text _builder_version=&#8221;3.19.4&#8243;]<\/p>\n<p style=\"text-align: justify;\">Per verificare i dati che verranno inviati al Sistema di Interscambio (SDI) tramite Mago.Net e Digital Hub Zucchetti \u00e8 consigliabile utilizzare l&#8217;anteprima (Preview) della Fattura Elettronica.<\/p>\n<p style=\"text-align: justify;\">Per visualizzare l&#8217;anteprima del file XML, occorre:<\/p>\n<p style=\"text-align: justify;\">1 &#8211; selezionare la fattura\u00a0<br \/>2 &#8211; premere il pulsante &#8220;<strong>Modifica<\/strong>&#8221;\u00a0<br \/>3 &#8211; cliccare sul men\u00f9 a tendina del pulsante &#8220;<strong>Funzioni Comunicazioni Digitali<\/strong>&#8220;<br \/>4 &#8211; selezionare l&#8217;opzione &#8220;<strong>Esegue Preview<\/strong>&#8220;<\/p>\n<p>[\/et_pb_text][et_pb_image src=&#8221;http:\/\/www.mediacentercube.it\/wp-content\/uploads\/2019\/01\/img_mc3_guida-fatel-14.png&#8221; _builder_version=&#8221;3.19.4&#8243;][\/et_pb_image][et_pb_text _builder_version=&#8221;3.19.4&#8243;]<\/p>\n<p style=\"text-align: justify;\"><strong>E&#8217; importante sottolineare che, poich\u00e9 il file XML non viene generato localmente da Mago.Net ma da remoto dal Digital Hub Zucchetti, la visualizzazione dell&#8217;anteprima della fattura conferma anche il corretto funzionamento del DHZ.<\/strong><\/p>\n<p>[\/et_pb_text][\/et_pb_column][\/et_pb_row][\/et_pb_section][et_pb_section fb_built=&#8221;1&#8243; _builder_version=&#8221;3.19.4&#8243; custom_padding=&#8221;16px|0px|50.5156px|0px|false|false&#8221; global_module=&#8221;208663&#8243;][et_pb_row _builder_version=&#8221;3.19.4&#8243;][et_pb_column type=&#8221;1_2&#8243; _builder_version=&#8221;3.0.47&#8243; parallax=&#8221;off&#8221; parallax_method=&#8221;on&#8221;][et_pb_blurb title=&#8221;Guida alla fatturazione elettronica&#8221; image=&#8221;http:\/\/www.mediacentercube.it\/wp-content\/uploads\/2017\/10\/home-office-01.jpg&#8221; image_max_width=&#8221;53%&#8221; _builder_version=&#8221;3.19.4&#8243; header_font=&#8221;|700||||on|||&#8221; header_text_align=&#8221;center&#8221; link_option_url=&#8221;http:\/\/www.mediacentercube.it\/index.php\/guida-fatel-mago\/&#8221;][\/et_pb_blurb][\/et_pb_column][et_pb_column type=&#8221;1_2&#8243; _builder_version=&#8221;3.0.47&#8243; parallax=&#8221;off&#8221; parallax_method=&#8221;on&#8221;][et_pb_text _builder_version=&#8221;3.19.4&#8243; box_shadow_style=&#8221;preset1&#8243; custom_padding=&#8221;|||20px&#8221;]<\/p>\n<p style=\"text-align: justify;\"><strong>Forse potrebbe anche interessarti<\/strong><\/p>\n<p style=\"text-align: justify;\"><a href=\"http:\/\/www.mediacentercube.it\/index.php\/come-creare-fatel-magonet\/\">Come creare una fattura elettronica con<span>\u00a0<\/span><strong>Mago.Net<\/strong><\/a><br \/> <span>Come inserire allegati con la fattura elettronica<\/span><br \/> <a href=\"http:\/\/www.mediacentercube.it\/index.php\/come-inviare-fatel-magonet\/\"><span>Come inviare una fattura elettronica ad un cliente<\/span><\/a><br \/> <a href=\"http:\/\/www.mediacentercube.it\/index.php\/come-controllare-stato-invio-magonet\/\"><span>Come controllare lo stato di invio di una fattura elettronica<\/span><\/a><br \/> <a href=\"http:\/\/www.mediacentercube.it\/index.php\/come-modificare-fatel-magonet\/\"><span>Come modificare una fattura elettronica inviata<\/span><\/a><\/p>\n<p>[\/et_pb_text][\/et_pb_column][\/et_pb_row][\/et_pb_section][et_pb_section fb_built=&#8221;1&#8243; _builder_version=&#8221;3.19.4&#8243; use_background_color_gradient=&#8221;on&#8221; background_color_gradient_start=&#8221;#148755&#8243; background_image=&#8221;http:\/\/www.mediacentercube.it\/wp-content\/uploads\/2018\/12\/day_care_bg_02.png&#8221;][et_pb_row _builder_version=&#8221;3.19.4&#8243;][et_pb_column type=&#8221;4_4&#8243; _builder_version=&#8221;3.0.47&#8243; parallax=&#8221;off&#8221; parallax_method=&#8221;on&#8221;][et_pb_text _builder_version=&#8221;3.19.4&#8243; header_font=&#8221;|600|||||||&#8221; header_text_align=&#8221;center&#8221; header_text_color=&#8221;#ffffff&#8221;]<\/p>\n<h1 style=\"text-align: center;\">Non hai trovato quello che cercavi?<\/h1>\n<p>[\/et_pb_text][et_pb_button button_url=&#8221;http:\/\/www.mediacentercube.it\/index.php\/contatti\/&#8221; button_text=&#8221;Contattaci&#8221; button_alignment=&#8221;center&#8221; _builder_version=&#8221;3.19.4&#8243; custom_button=&#8221;on&#8221; button_text_size=&#8221;15px&#8221; button_bg_color=&#8221;#148755&#8243; button_border_width=&#8221;16px&#8221; button_border_color=&#8221;#148755&#8243; button_border_radius=&#8221;100px&#8221; button_letter_spacing=&#8221;2px&#8221; button_font=&#8221;Poppins|700||on|||||&#8221; button_icon=&#8221;%%20%%&#8221; background_layout=&#8221;dark&#8221;][\/et_pb_button][\/et_pb_column][\/et_pb_row][\/et_pb_section][et_pb_section fb_built=&#8221;1&#8243; _builder_version=&#8221;3.19.4&#8243; custom_padding=&#8221;13px|0px|13px|0px|false|false&#8221;][\/et_pb_section][et_pb_section fb_built=&#8221;1&#8243; custom_padding_last_edited=&#8221;on|desktop&#8221; _builder_version=&#8221;3.0.92&#8243; background_color=&#8221;#727272&#8243; custom_padding=&#8221;50.5156px|0px|28px|0px|false|false&#8221; custom_padding_tablet=&#8221;50px|0|50px|0&#8243; global_module=&#8221;46541&#8243;][et_pb_row _builder_version=&#8221;3.4&#8243; background_size=&#8221;initial&#8221; background_position=&#8221;top_left&#8221; background_repeat=&#8221;repeat&#8221;][et_pb_column type=&#8221;1_2&#8243; _builder_version=&#8221;3.0.47&#8243; parallax=&#8221;off&#8221; parallax_method=&#8221;on&#8221;][et_pb_text disabled_on=&#8221;on|off|off&#8221; _builder_version=&#8221;3.4&#8243; text_font=&#8221;||||||||&#8221; text_font_size=&#8221;12&#8243; text_font_size_phone=&#8221;14px&#8221; text_font_size_last_edited=&#8221;on|phone&#8221; header_font=&#8221;||||||||&#8221; header_font_size_phone=&#8221;30px&#8221; header_font_size_last_edited=&#8221;on|phone&#8221; header_2_font=&#8221;||||||||&#8221; header_3_font=&#8221;||||||||&#8221; header_4_font=&#8221;||||||||&#8221; header_4_font_size=&#8221;16px&#8221; background_size=&#8221;initial&#8221; background_position=&#8221;top_left&#8221; background_repeat=&#8221;repeat&#8221; background_layout=&#8221;dark&#8221; border_style=&#8221;solid&#8221;]<\/p>\n<h3><strong>MEDIA CENTER cube s.r.l.<\/strong><\/h3>\n<h4>Via\u00a0Renato Prunas 8 \u2013 09126 Cagliari<\/h4>\n<h5>(+39) <strong>070670593<\/strong> \u2013 <i class=\" fa fa-envelope-o\"><\/i> info@mediacentercube.it<\/h5>\n<h4><small><span style=\"font-size: small;\">P.IVA 02197430925<\/span><\/small><\/h4>\n<p>[\/et_pb_text][et_pb_text disabled_on=&#8221;on|off|off&#8221; _builder_version=&#8221;3.4&#8243; text_font=&#8221;|600||||on|||&#8221; text_text_color=&#8221;#000000&#8243; text_font_size=&#8221;18px&#8221; text_text_shadow_style=&#8221;preset1&#8243; link_font=&#8221;||||||||&#8221; custom_margin=&#8221;-10px||0px|&#8221; custom_padding=&#8221;||0px|&#8221;]<\/p>\n<p style=\"text-align: center;\"><a href=\"http:\/\/www.mediacentercube.it\/index.php\/privacy\/\" target=\"_blank\" rel=\"noopener noreferrer\">Privacy<\/a><\/p>\n<p>[\/et_pb_text][\/et_pb_column][et_pb_column type=&#8221;1_2&#8243; _builder_version=&#8221;3.0.47&#8243; parallax=&#8221;off&#8221; parallax_method=&#8221;on&#8221;][et_pb_text disabled_on=&#8221;off|on|on&#8221; _builder_version=&#8221;3.2.2&#8243; text_font=&#8221;||||||||&#8221; text_font_size=&#8221;12&#8243; text_font_size_phone=&#8221;14px&#8221; text_font_size_last_edited=&#8221;on|phone&#8221; header_font=&#8221;||||||||&#8221; header_font_size_phone=&#8221;30px&#8221; header_font_size_last_edited=&#8221;on|phone&#8221; header_2_font=&#8221;||||||||&#8221; header_3_font=&#8221;||||||||&#8221; header_3_font_size_phone=&#8221;18px&#8221; header_3_font_size_last_edited=&#8221;on|phone&#8221; header_4_font=&#8221;||||||||&#8221; header_4_font_size=&#8221;16px&#8221; background_size=&#8221;initial&#8221; background_position=&#8221;top_left&#8221; background_repeat=&#8221;repeat&#8221; background_layout=&#8221;dark&#8221; border_style=&#8221;solid&#8221;]<\/p>\n<h3><strong>MEDIA CENTER cube s.r.l.<\/strong><\/h3>\n<h4>Via\u00a0Renato Prunas 8 <br \/>09126 Cagliari<\/h4>\n<h5>(+39) <strong>070670593<\/strong>\u00a0<br \/>info@mediacentercube.it<\/h5>\n<h4><small><span style=\"font-size: small;\">P.IVA 02197430925<\/span><\/small><\/h4>\n<p>[\/et_pb_text][et_pb_text disabled_on=&#8221;off|on|on&#8221; _builder_version=&#8221;3.4&#8243; text_font=&#8221;|600||||on|||&#8221; text_text_color=&#8221;#000000&#8243; text_font_size=&#8221;18px&#8221; text_text_shadow_style=&#8221;preset1&#8243; link_font=&#8221;||||||||&#8221;]<\/p>\n<p style=\"text-align: center;\"><a href=\"http:\/\/www.mediacentercube.it\/index.php\/privacy\/\" target=\"_blank\" rel=\"noopener noreferrer\">Privacy<\/a><\/p>\n<p>[\/et_pb_text][\/et_pb_column][\/et_pb_row][\/et_pb_section]<\/p>\n<!--CusAds0-->\n<div style=\"font-size: 0px; height: 0px; line-height: 0px; margin: 0; padding: 0; clear: both;\"><\/div>","protected":false},"excerpt":{"rendered":"<p>&nbsp; &nbsp; &nbsp; &nbsp;La creazione di una fattura elettronica attiva in Mago.Net segue l&#8217;iter standard della creazione di tali documenti. Nel corpo di una fattura di Mago.Net vi possono essere diverse tipologie di righe come ad esempio righe di tipo Merce, Servizio, Riferimento, Descrittiva e Note.Con il rilascio di Mago.Net 3.14.6 \u00e8 stata modificata l&#8217;invio [&hellip;]<\/p>\n","protected":false},"author":1,"featured_media":0,"parent":0,"menu_order":0,"comment_status":"closed","ping_status":"closed","template":"","meta":{"_et_pb_use_builder":"on","_et_pb_old_content":"","_et_gb_content_width":"","footnotes":""},"class_list":["post-208592","page","type-page","status-publish","hentry"],"_links":{"self":[{"href":"http:\/\/www.mediacentercube.it\/index.php\/wp-json\/wp\/v2\/pages\/208592","targetHints":{"allow":["GET"]}}],"collection":[{"href":"http:\/\/www.mediacentercube.it\/index.php\/wp-json\/wp\/v2\/pages"}],"about":[{"href":"http:\/\/www.mediacentercube.it\/index.php\/wp-json\/wp\/v2\/types\/page"}],"author":[{"embeddable":true,"href":"http:\/\/www.mediacentercube.it\/index.php\/wp-json\/wp\/v2\/users\/1"}],"replies":[{"embeddable":true,"href":"http:\/\/www.mediacentercube.it\/index.php\/wp-json\/wp\/v2\/comments?post=208592"}],"version-history":[{"count":0,"href":"http:\/\/www.mediacentercube.it\/index.php\/wp-json\/wp\/v2\/pages\/208592\/revisions"}],"wp:attachment":[{"href":"http:\/\/www.mediacentercube.it\/index.php\/wp-json\/wp\/v2\/media?parent=208592"}],"curies":[{"name":"wp","href":"https:\/\/api.w.org\/{rel}","templated":true}]}}