{"id":208702,"date":"2019-01-14T16:18:38","date_gmt":"2019-01-14T15:18:38","guid":{"rendered":"http:\/\/www.mediacentercube.it\/?page_id=208702"},"modified":"2019-01-14T16:22:39","modified_gmt":"2019-01-14T15:22:39","slug":"come-modificare-fatel-mago4","status":"publish","type":"page","link":"http:\/\/www.mediacentercube.it\/index.php\/come-modificare-fatel-mago4\/","title":{"rendered":"Come modificare una fattura elettronica con Mago4"},"content":{"rendered":"<p>[et_pb_section fb_built=&#8221;1&#8243; fullwidth=&#8221;on&#8221; admin_label=&#8221;section&#8221; _builder_version=&#8221;3.0.47&#8243;][et_pb_fullwidth_slider show_arrows=&#8221;off&#8221; show_pagination=&#8221;off&#8221; admin_label=&#8221;Fullwidth Slider&#8221; _builder_version=&#8221;3.19.4&#8243; background_position=&#8221;top_left&#8221; box_shadow_style=&#8221;preset6&#8243; box_shadow_blur=&#8221;10px&#8221; box_shadow_color=&#8221;rgba(0,0,0,0.1)&#8221; custom_padding=&#8221;|||&#8221; button_text_size__hover_enabled=&#8221;off&#8221; button_text_size__hover=&#8221;null&#8221; button_one_text_size__hover_enabled=&#8221;off&#8221; button_one_text_size__hover=&#8221;null&#8221; button_two_text_size__hover_enabled=&#8221;off&#8221; button_two_text_size__hover=&#8221;null&#8221; button_text_color__hover_enabled=&#8221;off&#8221; button_text_color__hover=&#8221;null&#8221; button_one_text_color__hover_enabled=&#8221;off&#8221; button_one_text_color__hover=&#8221;null&#8221; button_two_text_color__hover_enabled=&#8221;off&#8221; button_two_text_color__hover=&#8221;null&#8221; button_border_width__hover_enabled=&#8221;off&#8221; button_border_width__hover=&#8221;null&#8221; button_one_border_width__hover_enabled=&#8221;off&#8221; button_one_border_width__hover=&#8221;null&#8221; button_two_border_width__hover_enabled=&#8221;off&#8221; button_two_border_width__hover=&#8221;null&#8221; button_border_color__hover_enabled=&#8221;off&#8221; button_border_color__hover=&#8221;null&#8221; button_one_border_color__hover_enabled=&#8221;off&#8221; button_one_border_color__hover=&#8221;null&#8221; button_two_border_color__hover_enabled=&#8221;off&#8221; button_two_border_color__hover=&#8221;null&#8221; button_border_radius__hover_enabled=&#8221;off&#8221; button_border_radius__hover=&#8221;null&#8221; button_one_border_radius__hover_enabled=&#8221;off&#8221; button_one_border_radius__hover=&#8221;null&#8221; button_two_border_radius__hover_enabled=&#8221;off&#8221; button_two_border_radius__hover=&#8221;null&#8221; button_letter_spacing__hover_enabled=&#8221;on&#8221; button_letter_spacing__hover=&#8221;0&#8243; button_one_letter_spacing__hover_enabled=&#8221;off&#8221; button_one_letter_spacing__hover=&#8221;null&#8221; button_two_letter_spacing__hover_enabled=&#8221;off&#8221; button_two_letter_spacing__hover=&#8221;null&#8221; button_bg_color__hover_enabled=&#8221;off&#8221; button_bg_color__hover=&#8221;null&#8221; button_one_bg_color__hover_enabled=&#8221;off&#8221; button_one_bg_color__hover=&#8221;null&#8221; button_two_bg_color__hover_enabled=&#8221;off&#8221; button_two_bg_color__hover=&#8221;null&#8221;][et_pb_slide heading=&#8221;Come modificare una Fattura Elettronica con Mago4&#8243; use_bg_overlay=&#8221;off&#8221; use_text_overlay=&#8221;off&#8221; _builder_version=&#8221;3.19.4&#8243; header_font=&#8221;|600||||on|||&#8221; body_font_size=&#8221;30&#8243; body_font_size_tablet=&#8221;30&#8243; body_font_size_phone=&#8221;14&#8243; body_font_size_last_edited=&#8221;on|phone&#8221; background_color=&#8221;#ffffff&#8221; background_image=&#8221;http:\/\/www.mediacentercube.it\/wp-content\/uploads\/2018\/11\/img_mc3_digital-hub.jpg&#8221; button_on_hover=&#8221;on&#8221;]<\/p>\n<p>&nbsp;<\/p>\n<p>&nbsp;<\/p>\n<p>&nbsp;<\/p>\n<p>&nbsp;<\/p>\n<p>[\/et_pb_slide][\/et_pb_fullwidth_slider][\/et_pb_section][et_pb_section fb_built=&#8221;1&#8243; custom_padding_last_edited=&#8221;on|desktop&#8221; _builder_version=&#8221;3.0.74&#8243; background_color=&#8221;#ffffff&#8221; custom_padding=&#8221;50.5156px|0px|20px|0px|false|false&#8221; custom_padding_tablet=&#8221;50px|0|50px|0&#8243; transparent_background=&#8221;off&#8221;][et_pb_row _builder_version=&#8221;3.0.47&#8243; background_size=&#8221;initial&#8221; background_position=&#8221;top_left&#8221; background_repeat=&#8221;repeat&#8221;][et_pb_column type=&#8221;4_4&#8243; _builder_version=&#8221;3.0.47&#8243; parallax=&#8221;off&#8221; parallax_method=&#8221;on&#8221;][et_pb_text _builder_version=&#8221;3.19.4&#8243; background_size=&#8221;initial&#8221; background_position=&#8221;top_left&#8221; background_repeat=&#8221;repeat&#8221; use_border_color=&#8221;off&#8221; border_color=&#8221;#ffffff&#8221; border_style=&#8221;solid&#8221;]<\/p>\n<p style=\"text-align: justify;\">In generale, quando una fattura risulta inviata a Digital Hub Zucchetti, il documento in Mago4 non \u00e8 pi\u00f9 modificabile; \u00e8 buona prassi dunque controllare la completezza della fattura prima di procedere all&#8217;invio del documento.<\/p>\n<p style=\"text-align: justify;\">\n<p style=\"text-align: justify;\"><strong>Quando \u00e8 possibile modificare una fattura?<\/strong><\/p>\n<p style=\"text-align: justify;\">Dopo che una fattura elettronica \u00e8 stata inviata a Digital Hub Zucchetti (DHZ), il documento non \u00e8 pi\u00f9 modificabile, pertanto nella maschera del documento il pulsante di &#8220;<strong>Modifica<\/strong>&#8221; risulta disabilito.<\/p>\n<p>[\/et_pb_text][\/et_pb_column][\/et_pb_row][et_pb_row _builder_version=&#8221;3.0.47&#8243; background_size=&#8221;initial&#8221; background_position=&#8221;top_left&#8221; background_repeat=&#8221;repeat&#8221;][et_pb_column type=&#8221;4_4&#8243; _builder_version=&#8221;3.0.47&#8243; parallax=&#8221;off&#8221; parallax_method=&#8221;on&#8221;][et_pb_image src=&#8221;http:\/\/www.mediacentercube.it\/wp-content\/uploads\/2019\/01\/img_mc3_guida-fatel-33.png&#8221; _builder_version=&#8221;3.19.4&#8243;][\/et_pb_image][\/et_pb_column][\/et_pb_row][et_pb_row _builder_version=&#8221;3.0.47&#8243; background_size=&#8221;initial&#8221; background_position=&#8221;top_left&#8221; background_repeat=&#8221;repeat&#8221;][et_pb_column type=&#8221;4_4&#8243; _builder_version=&#8221;3.0.47&#8243; parallax=&#8221;off&#8221; parallax_method=&#8221;on&#8221;][et_pb_text _builder_version=&#8221;3.19.4&#8243; background_size=&#8221;initial&#8221; background_position=&#8221;top_left&#8221; background_repeat=&#8221;repeat&#8221; use_border_color=&#8221;off&#8221; border_color=&#8221;#ffffff&#8221; border_style=&#8221;solid&#8221;]<\/p>\n<p style=\"text-align: justify;\">Vi sono tuttavia due casi in cui la fattura elettronica torna ad essere modificabile ed in particolare quando la fattura si trova nelle stato di:<\/p>\n<p style=\"text-align: justify;\">&#8220;<strong>Scartata<\/strong>&#8221; ossia il Sistema di Interscambio (SDI) ha scartato la fattura ed il DHZ ha ricevuto la notifica di Scarto (NS)<\/p>\n<p style=\"text-align: justify;\">&#8220;<strong>Rifiutata<\/strong>&#8221; ossia la Pubblica Amministrazione ha rifiutato la fattura al cliente ed il DHZ ha ricevuto la Notifica di Esito (che solitamente contiene anche il motivo del rifiuto)<\/p>\n<p>[\/et_pb_text][et_pb_image src=&#8221;http:\/\/www.mediacentercube.it\/wp-content\/uploads\/2019\/01\/img_mc3_guida-fatel-29.png&#8221; _builder_version=&#8221;3.19.4&#8243;][\/et_pb_image][\/et_pb_column][\/et_pb_row][et_pb_row _builder_version=&#8221;3.0.47&#8243; background_size=&#8221;initial&#8221; background_position=&#8221;top_left&#8221; background_repeat=&#8221;repeat&#8221;][et_pb_column type=&#8221;4_4&#8243; _builder_version=&#8221;3.0.47&#8243; parallax=&#8221;off&#8221; parallax_method=&#8221;on&#8221;][et_pb_text _builder_version=&#8221;3.19.4&#8243; background_size=&#8221;initial&#8221; background_position=&#8221;top_left&#8221; background_repeat=&#8221;repeat&#8221; use_border_color=&#8221;off&#8221; border_color=&#8221;#ffffff&#8221; border_style=&#8221;solid&#8221;]<\/p>\n<p style=\"text-align: justify;\"><strong>Come \u00e8 possibile modificare una fattura?<\/strong><\/p>\n<p style=\"text-align: justify;\">Quando una fattura elettronica si trova nella Stato di &#8220;Scartata&#8221; o &#8220;Rifiutata&#8221;, il pulsante &#8220;<strong>Modifica<\/strong>&#8221; risulta automaticamente abilitato ed \u00e8 quindi possibile apportare al documento le modifiche necessarie a correggere il motivo dello scarto o del rifiuto.<\/p>\n<p style=\"text-align: justify;\">Per conoscere le cause che hanno portato al rifiuto o allo scarto \u00e8 possibile consultare la scheda &#8220;<strong>Event Viewer<\/strong>&#8221; nella maschera della fattura e fare doppio click sulla voce che identifica lo scarto\/rifiuto.<\/p>\n<p style=\"text-align: justify;\">\n<p style=\"text-align: justify;\"><strong>Per correggere quindi la fattura elettronica \u00e8 necessario:<\/strong><\/p>\n<p style=\"text-align: justify;\">&#8211; verificare che il documento si trovi nello stato di &#8220;<strong>Scartato<\/strong>&#8221; o &#8220;<strong>Rifiutato<\/strong>&#8221; (eventualmente aggiornare lo stato del documento)<br \/>&#8211; premere sul pulsante &#8220;<strong>Modifica<\/strong>&#8221; ed apportare le modifiche desiderate<br \/>&#8211; premere sul pulsante &#8220;<strong>Salva<\/strong>&#8221;\u00a0<\/p>\n<p>[\/et_pb_text][et_pb_image src=&#8221;http:\/\/www.mediacentercube.it\/wp-content\/uploads\/2019\/01\/img_mc3_guida-fatel-34.png&#8221; _builder_version=&#8221;3.19.4&#8243;][\/et_pb_image][\/et_pb_column][\/et_pb_row][\/et_pb_section][et_pb_section fb_built=&#8221;1&#8243; _builder_version=&#8221;3.19.4&#8243; custom_padding=&#8221;16px|0px|50.5156px|0px|false|false&#8221; global_module=&#8221;208661&#8243;][et_pb_row _builder_version=&#8221;3.19.4&#8243;][et_pb_column type=&#8221;1_2&#8243; _builder_version=&#8221;3.0.47&#8243; parallax=&#8221;off&#8221; parallax_method=&#8221;on&#8221;][\/et_pb_column][et_pb_column type=&#8221;1_2&#8243; _builder_version=&#8221;3.0.47&#8243; parallax=&#8221;off&#8221; parallax_method=&#8221;on&#8221;][et_pb_text _builder_version=&#8221;3.19.4&#8243; box_shadow_style=&#8221;preset1&#8243; custom_padding=&#8221;|||20px&#8221;]<\/p>\n<p style=\"text-align: justify;\"><strong>Forse potrebbe anche interessarti<\/strong><\/p>\n<p style=\"text-align: justify;\"><a href=\"http:\/\/www.mediacentercube.it\/index.php\/come-creare-fatel-mago4\/\">Come creare una fattura elettronica con<span>\u00a0<\/span><strong>Mago4<\/strong><\/a><br \/> <span>Come inserire allegati con la fattura elettronica<\/span><br \/> <a href=\"http:\/\/www.mediacentercube.it\/index.php\/come-inviare-fatel-mago4\/\"><span>Come inviare una fattura elettronica ad un cliente<\/span><\/a><br \/> <a href=\"http:\/\/www.mediacentercube.it\/index.php\/come-controllare-stato-invio-mago4\/\"><span>Come controllare lo stato di invio di una fattura elettronica<\/span><\/a><br \/> <a href=\"http:\/\/www.mediacentercube.it\/index.php\/come-modificare-fatel-mago4\/\"><span>Come modificare una fattura elettronica inviata<\/span><\/a><\/p>\n<p>[\/et_pb_text][\/et_pb_column][\/et_pb_row][\/et_pb_section][et_pb_section fb_built=&#8221;1&#8243; _builder_version=&#8221;3.19.4&#8243; use_background_color_gradient=&#8221;on&#8221; background_color_gradient_start=&#8221;#148755&#8243; background_image=&#8221;http:\/\/www.mediacentercube.it\/wp-content\/uploads\/2018\/12\/day_care_bg_02.png&#8221;][et_pb_row _builder_version=&#8221;3.19.4&#8243;][et_pb_column type=&#8221;4_4&#8243; _builder_version=&#8221;3.0.47&#8243; parallax=&#8221;off&#8221; parallax_method=&#8221;on&#8221;][et_pb_text _builder_version=&#8221;3.19.4&#8243; header_font=&#8221;|600|||||||&#8221; header_text_align=&#8221;center&#8221; header_text_color=&#8221;#ffffff&#8221;]<\/p>\n<h1 style=\"text-align: center;\">Non hai trovato quello che cercavi?<\/h1>\n<p>[\/et_pb_text][et_pb_button button_url=&#8221;http:\/\/www.mediacentercube.it\/index.php\/contatti\/&#8221; button_text=&#8221;Contattaci&#8221; button_alignment=&#8221;center&#8221; _builder_version=&#8221;3.19.4&#8243; custom_button=&#8221;on&#8221; button_text_size=&#8221;15px&#8221; button_bg_color=&#8221;#148755&#8243; button_border_width=&#8221;16px&#8221; button_border_color=&#8221;#148755&#8243; button_border_radius=&#8221;100px&#8221; button_letter_spacing=&#8221;2px&#8221; button_font=&#8221;Poppins|700||on|||||&#8221; button_icon=&#8221;%%20%%&#8221; background_layout=&#8221;dark&#8221;][\/et_pb_button][\/et_pb_column][\/et_pb_row][\/et_pb_section][et_pb_section fb_built=&#8221;1&#8243; _builder_version=&#8221;3.19.4&#8243; custom_padding=&#8221;13px|0px|13px|0px|false|false&#8221;][\/et_pb_section][et_pb_section fb_built=&#8221;1&#8243; custom_padding_last_edited=&#8221;on|desktop&#8221; _builder_version=&#8221;3.0.92&#8243; background_color=&#8221;#727272&#8243; custom_padding=&#8221;50.5156px|0px|28px|0px|false|false&#8221; custom_padding_tablet=&#8221;50px|0|50px|0&#8243; global_module=&#8221;46541&#8243;][et_pb_row _builder_version=&#8221;3.4&#8243; background_size=&#8221;initial&#8221; background_position=&#8221;top_left&#8221; background_repeat=&#8221;repeat&#8221;][et_pb_column type=&#8221;1_2&#8243; _builder_version=&#8221;3.0.47&#8243; parallax=&#8221;off&#8221; parallax_method=&#8221;on&#8221;][et_pb_text disabled_on=&#8221;on|off|off&#8221; _builder_version=&#8221;3.4&#8243; text_font=&#8221;||||||||&#8221; text_font_size=&#8221;12&#8243; text_font_size_phone=&#8221;14px&#8221; text_font_size_last_edited=&#8221;on|phone&#8221; header_font=&#8221;||||||||&#8221; header_font_size_phone=&#8221;30px&#8221; header_font_size_last_edited=&#8221;on|phone&#8221; header_2_font=&#8221;||||||||&#8221; header_3_font=&#8221;||||||||&#8221; header_4_font=&#8221;||||||||&#8221; header_4_font_size=&#8221;16px&#8221; background_size=&#8221;initial&#8221; background_position=&#8221;top_left&#8221; background_repeat=&#8221;repeat&#8221; background_layout=&#8221;dark&#8221; border_style=&#8221;solid&#8221;]<\/p>\n<h3><strong>MEDIA CENTER cube s.r.l.<\/strong><\/h3>\n<h4>Via\u00a0Renato Prunas 8 \u2013 09126 Cagliari<\/h4>\n<h5>(+39) <strong>070670593<\/strong> \u2013 <i class=\" fa fa-envelope-o\"><\/i> info@mediacentercube.it<\/h5>\n<h4><small><span style=\"font-size: small;\">P.IVA 02197430925<\/span><\/small><\/h4>\n<p>[\/et_pb_text][et_pb_text disabled_on=&#8221;on|off|off&#8221; _builder_version=&#8221;3.4&#8243; text_font=&#8221;|600||||on|||&#8221; text_text_color=&#8221;#000000&#8243; text_font_size=&#8221;18px&#8221; text_text_shadow_style=&#8221;preset1&#8243; link_font=&#8221;||||||||&#8221; custom_margin=&#8221;-10px||0px|&#8221; custom_padding=&#8221;||0px|&#8221;]<\/p>\n<p style=\"text-align: center;\"><a href=\"http:\/\/www.mediacentercube.it\/index.php\/privacy\/\" target=\"_blank\" rel=\"noopener noreferrer\">Privacy<\/a><\/p>\n<p>[\/et_pb_text][\/et_pb_column][et_pb_column type=&#8221;1_2&#8243; _builder_version=&#8221;3.0.47&#8243; parallax=&#8221;off&#8221; parallax_method=&#8221;on&#8221;][et_pb_text disabled_on=&#8221;off|on|on&#8221; _builder_version=&#8221;3.2.2&#8243; text_font=&#8221;||||||||&#8221; text_font_size=&#8221;12&#8243; text_font_size_phone=&#8221;14px&#8221; text_font_size_last_edited=&#8221;on|phone&#8221; header_font=&#8221;||||||||&#8221; header_font_size_phone=&#8221;30px&#8221; header_font_size_last_edited=&#8221;on|phone&#8221; header_2_font=&#8221;||||||||&#8221; header_3_font=&#8221;||||||||&#8221; header_3_font_size_phone=&#8221;18px&#8221; header_3_font_size_last_edited=&#8221;on|phone&#8221; header_4_font=&#8221;||||||||&#8221; header_4_font_size=&#8221;16px&#8221; background_size=&#8221;initial&#8221; background_position=&#8221;top_left&#8221; background_repeat=&#8221;repeat&#8221; background_layout=&#8221;dark&#8221; border_style=&#8221;solid&#8221;]<\/p>\n<h3><strong>MEDIA CENTER cube s.r.l.<\/strong><\/h3>\n<h4>Via\u00a0Renato Prunas 8 <br \/>09126 Cagliari<\/h4>\n<h5>(+39) <strong>070670593<\/strong>\u00a0<br \/>info@mediacentercube.it<\/h5>\n<h4><small><span style=\"font-size: small;\">P.IVA 02197430925<\/span><\/small><\/h4>\n<p>[\/et_pb_text][et_pb_text disabled_on=&#8221;off|on|on&#8221; _builder_version=&#8221;3.4&#8243; text_font=&#8221;|600||||on|||&#8221; text_text_color=&#8221;#000000&#8243; text_font_size=&#8221;18px&#8221; text_text_shadow_style=&#8221;preset1&#8243; link_font=&#8221;||||||||&#8221;]<\/p>\n<p style=\"text-align: center;\"><a href=\"http:\/\/www.mediacentercube.it\/index.php\/privacy\/\" target=\"_blank\" rel=\"noopener noreferrer\">Privacy<\/a><\/p>\n<p>[\/et_pb_text][\/et_pb_column][\/et_pb_row][\/et_pb_section]<\/p>\n<!--CusAds0-->\n<div style=\"font-size: 0px; height: 0px; line-height: 0px; margin: 0; padding: 0; clear: both;\"><\/div>","protected":false},"excerpt":{"rendered":"<p>&nbsp; &nbsp; &nbsp; &nbsp;In generale, quando una fattura risulta inviata a Digital Hub Zucchetti, il documento in Mago4 non \u00e8 pi\u00f9 modificabile; \u00e8 buona prassi dunque controllare la completezza della fattura prima di procedere all&#8217;invio del documento. Quando \u00e8 possibile modificare una fattura? Dopo che una fattura elettronica \u00e8 stata inviata a Digital Hub Zucchetti [&hellip;]<\/p>\n","protected":false},"author":1,"featured_media":0,"parent":0,"menu_order":0,"comment_status":"closed","ping_status":"closed","template":"","meta":{"_et_pb_use_builder":"on","_et_pb_old_content":"","_et_gb_content_width":"","footnotes":""},"class_list":["post-208702","page","type-page","status-publish","hentry"],"_links":{"self":[{"href":"http:\/\/www.mediacentercube.it\/index.php\/wp-json\/wp\/v2\/pages\/208702","targetHints":{"allow":["GET"]}}],"collection":[{"href":"http:\/\/www.mediacentercube.it\/index.php\/wp-json\/wp\/v2\/pages"}],"about":[{"href":"http:\/\/www.mediacentercube.it\/index.php\/wp-json\/wp\/v2\/types\/page"}],"author":[{"embeddable":true,"href":"http:\/\/www.mediacentercube.it\/index.php\/wp-json\/wp\/v2\/users\/1"}],"replies":[{"embeddable":true,"href":"http:\/\/www.mediacentercube.it\/index.php\/wp-json\/wp\/v2\/comments?post=208702"}],"version-history":[{"count":0,"href":"http:\/\/www.mediacentercube.it\/index.php\/wp-json\/wp\/v2\/pages\/208702\/revisions"}],"wp:attachment":[{"href":"http:\/\/www.mediacentercube.it\/index.php\/wp-json\/wp\/v2\/media?parent=208702"}],"curies":[{"name":"wp","href":"https:\/\/api.w.org\/{rel}","templated":true}]}}