{"id":208786,"date":"2019-01-15T17:03:54","date_gmt":"2019-01-15T16:03:54","guid":{"rendered":"http:\/\/www.mediacentercube.it\/?page_id=208786"},"modified":"2019-01-15T17:04:49","modified_gmt":"2019-01-15T16:04:49","slug":"come-ricevere-fatel-dh","status":"publish","type":"page","link":"http:\/\/www.mediacentercube.it\/index.php\/come-ricevere-fatel-dh\/","title":{"rendered":"Come ricevere Fattura Elettronica sul DH"},"content":{"rendered":"<p>[et_pb_section fb_built=&#8221;1&#8243; fullwidth=&#8221;on&#8221; admin_label=&#8221;section&#8221; _builder_version=&#8221;3.0.47&#8243;][et_pb_fullwidth_slider show_arrows=&#8221;off&#8221; show_pagination=&#8221;off&#8221; admin_label=&#8221;Fullwidth Slider&#8221; _builder_version=&#8221;3.19.4&#8243; header_font=&#8221;||||||||&#8221; body_font=&#8221;||||||||&#8221; background_position=&#8221;top_left&#8221; box_shadow_style=&#8221;preset6&#8243; box_shadow_blur=&#8221;10px&#8221; box_shadow_color=&#8221;rgba(0,0,0,0.1)&#8221; custom_padding=&#8221;|||&#8221; button_text_size__hover_enabled=&#8221;off&#8221; button_text_size__hover=&#8221;null&#8221; button_one_text_size__hover_enabled=&#8221;off&#8221; button_one_text_size__hover=&#8221;null&#8221; button_two_text_size__hover_enabled=&#8221;off&#8221; button_two_text_size__hover=&#8221;null&#8221; button_text_color__hover_enabled=&#8221;off&#8221; button_text_color__hover=&#8221;null&#8221; button_one_text_color__hover_enabled=&#8221;off&#8221; button_one_text_color__hover=&#8221;null&#8221; button_two_text_color__hover_enabled=&#8221;off&#8221; button_two_text_color__hover=&#8221;null&#8221; button_border_width__hover_enabled=&#8221;off&#8221; button_border_width__hover=&#8221;null&#8221; button_one_border_width__hover_enabled=&#8221;off&#8221; button_one_border_width__hover=&#8221;null&#8221; button_two_border_width__hover_enabled=&#8221;off&#8221; button_two_border_width__hover=&#8221;null&#8221; button_border_color__hover_enabled=&#8221;off&#8221; button_border_color__hover=&#8221;null&#8221; button_one_border_color__hover_enabled=&#8221;off&#8221; button_one_border_color__hover=&#8221;null&#8221; button_two_border_color__hover_enabled=&#8221;off&#8221; button_two_border_color__hover=&#8221;null&#8221; button_border_radius__hover_enabled=&#8221;off&#8221; button_border_radius__hover=&#8221;null&#8221; button_one_border_radius__hover_enabled=&#8221;off&#8221; button_one_border_radius__hover=&#8221;null&#8221; button_two_border_radius__hover_enabled=&#8221;off&#8221; button_two_border_radius__hover=&#8221;null&#8221; button_letter_spacing__hover_enabled=&#8221;on&#8221; button_letter_spacing__hover=&#8221;0&#8243; button_one_letter_spacing__hover_enabled=&#8221;off&#8221; button_one_letter_spacing__hover=&#8221;null&#8221; button_two_letter_spacing__hover_enabled=&#8221;off&#8221; button_two_letter_spacing__hover=&#8221;null&#8221; button_bg_color__hover_enabled=&#8221;off&#8221; button_bg_color__hover=&#8221;null&#8221; button_one_bg_color__hover_enabled=&#8221;off&#8221; button_one_bg_color__hover=&#8221;null&#8221; button_two_bg_color__hover_enabled=&#8221;off&#8221; button_two_bg_color__hover=&#8221;null&#8221;][et_pb_slide heading=&#8221;Come ricevere una Fattura Elettronica sul DH&#8221; use_bg_overlay=&#8221;off&#8221; use_text_overlay=&#8221;off&#8221; _builder_version=&#8221;3.19.4&#8243; header_font=&#8221;|600||||on|||&#8221; header_text_color=&#8221;#0c71c3&#8243; header_font_size=&#8221;50px&#8221; header_font_size_tablet=&#8221;42px&#8221; header_font_size_phone=&#8221;36px&#8221; header_font_size_last_edited=&#8221;on|phone&#8221; body_font=&#8221;||||||||&#8221; body_font_size=&#8221;30&#8243; body_font_size_tablet=&#8221;30&#8243; body_font_size_phone=&#8221;14&#8243; body_font_size_last_edited=&#8221;on|phone&#8221; background_color=&#8221;#ffffff&#8221; background_image=&#8221;http:\/\/www.mediacentercube.it\/wp-content\/uploads\/2019\/01\/img_head_cp-fatel.png&#8221; button_on_hover=&#8221;on&#8221;]<\/p>\n<p>&nbsp;<\/p>\n<p>&nbsp;<\/p>\n<p>&nbsp;<\/p>\n<p>&nbsp;<\/p>\n<p>[\/et_pb_slide][\/et_pb_fullwidth_slider][\/et_pb_section][et_pb_section fb_built=&#8221;1&#8243; custom_padding_last_edited=&#8221;on|desktop&#8221; _builder_version=&#8221;3.0.74&#8243; background_color=&#8221;#ffffff&#8221; custom_padding=&#8221;50.5156px|0px|28px|0px|false|false&#8221; custom_padding_tablet=&#8221;50px|0|50px|0&#8243; transparent_background=&#8221;off&#8221;][et_pb_row _builder_version=&#8221;3.0.47&#8243; background_size=&#8221;initial&#8221; background_position=&#8221;top_left&#8221; background_repeat=&#8221;repeat&#8221;][et_pb_column type=&#8221;4_4&#8243; _builder_version=&#8221;3.0.47&#8243; parallax=&#8221;off&#8221; parallax_method=&#8221;on&#8221;][et_pb_text _builder_version=&#8221;3.19.4&#8243; background_size=&#8221;initial&#8221; background_position=&#8221;top_left&#8221; background_repeat=&#8221;repeat&#8221; use_border_color=&#8221;off&#8221; border_color=&#8221;#ffffff&#8221; border_style=&#8221;solid&#8221;]<\/p>\n<p style=\"text-align: justify;\">Per ricevere le fatture elettroniche direttamente sul Digital Hub Zucchetti (DHZ) occorre comunicare ai propri fornitori il <strong>Codice Destinatario FE<\/strong>.<\/p>\n<p style=\"text-align: justify;\">Nel caso di aziende private (B2B &#8211; Business to Business) il Codice Destinatario FE rappresenta il canale accreditato dal Sistema di Interscambio (SDI) utilizzato dal cliente, nel caso del Digital Hub di Zucchetti (DHZ) il codice \u00e8 &#8220;<strong>SUBM70N<\/strong>&#8221; e pertanto \u00e8 identico per tutti i soggetti che utilizzano il DHZ.<\/p>\n<p style=\"text-align: justify;\"><strong>Come verificare il ricevimento di una fattura elettronica passiva<\/strong><\/p>\n<p style=\"text-align: justify;\">Dopo aver indicato il proprio Codice Destinatario FE al fornitore, le fatture elettroniche passive verranno ricevute direttamente in Digital Hub Zucchetti e l&#8217;azienda potr\u00e0 consultarle accedendo direttamente al portale.<\/p>\n<p style=\"text-align: justify;\">Quando una fattura elettronica passiva viene ricevuta in DHZ, l&#8217;utente viene avvisato tramite una mail di notifica dell&#8217;avvenuto ricevimento.<\/p>\n<p>[\/et_pb_text][et_pb_image src=&#8221;http:\/\/www.mediacentercube.it\/wp-content\/uploads\/2019\/01\/img_mc3_guida-fatel-39.png&#8221; _builder_version=&#8221;3.19.4&#8243;][\/et_pb_image][\/et_pb_column][\/et_pb_row][et_pb_row _builder_version=&#8221;3.0.47&#8243; background_size=&#8221;initial&#8221; background_position=&#8221;top_left&#8221; background_repeat=&#8221;repeat&#8221;][et_pb_column type=&#8221;4_4&#8243; _builder_version=&#8221;3.0.47&#8243; parallax=&#8221;off&#8221; parallax_method=&#8221;on&#8221;][et_pb_text _builder_version=&#8221;3.19.4&#8243; background_size=&#8221;initial&#8221; background_position=&#8221;top_left&#8221; background_repeat=&#8221;repeat&#8221; use_border_color=&#8221;off&#8221; border_color=&#8221;#ffffff&#8221; border_style=&#8221;solid&#8221;]<\/p>\n<p style=\"text-align: justify;\">Dopo avere eseguito l&#8217;accesso al DHZ con le proprie credenziali, \u00e8 necessario accedere alla &#8220;<strong>Home page<\/strong>&#8221; del sito ed accedere alla sezione &#8220;<strong>Fatturazione Elettronica Passiva<\/strong>&#8220;<\/p>\n<p>[\/et_pb_text][et_pb_image src=&#8221;http:\/\/www.mediacentercube.it\/wp-content\/uploads\/2019\/01\/img_mc3_guida-fatel-40.png&#8221; align=&#8221;center&#8221; _builder_version=&#8221;3.19.4&#8243;][\/et_pb_image][\/et_pb_column][\/et_pb_row][et_pb_row _builder_version=&#8221;3.0.47&#8243; background_size=&#8221;initial&#8221; background_position=&#8221;top_left&#8221; background_repeat=&#8221;repeat&#8221;][et_pb_column type=&#8221;4_4&#8243; _builder_version=&#8221;3.0.47&#8243; parallax=&#8221;off&#8221; parallax_method=&#8221;on&#8221;][et_pb_text _builder_version=&#8221;3.19.4&#8243; background_size=&#8221;initial&#8221; background_position=&#8221;top_left&#8221; background_repeat=&#8221;repeat&#8221; use_border_color=&#8221;off&#8221; border_color=&#8221;#ffffff&#8221; border_style=&#8221;solid&#8221;]<\/p>\n<p style=\"text-align: justify;\">Le fatture elettroniche passive ricevute dall&#8217;azienda sono mostrate nella relativa sezione del DHZ.<\/p>\n<p style=\"text-align: justify;\">Se si desidera visualizzare le fatture in un ordine diverso da quello proposto per default \u00e8 possibile agire sui pulsanti di <strong>ordinamento ascendente o discendente<\/strong> presenti nelle intestazioni di colonna.<\/p>\n<p style=\"text-align: justify;\">Se il numero delle fatture \u00e8 consistente, l&#8217;elenco viene mostrato paginato e l&#8217;utente pu\u00f2 scorrere le pagine tramite gli appositi pulsanti &#8220;<strong>indietro<\/strong>&#8221; &#8220;<strong>avanti<\/strong>&#8221; posti a fondo pagina.<\/p>\n<p style=\"text-align: justify;\">Dalle colonne &#8220;<strong>Codice Destinatario<\/strong>&#8221; o &#8220;<strong>PEC Destinatario<\/strong>&#8221; \u00e8 possibile capire se la fattura \u00e8 stata consegnata direttamente in DHZ o se invece \u00e8 stata consegnata tramite PEC (e successivamente importata in DHZ).<\/p>\n<p>[\/et_pb_text][et_pb_image src=&#8221;http:\/\/www.mediacentercube.it\/wp-content\/uploads\/2019\/01\/img_mc3_guida-fatel-41.png&#8221; _builder_version=&#8221;3.19.4&#8243;][\/et_pb_image][\/et_pb_column][\/et_pb_row][\/et_pb_section][et_pb_section fb_built=&#8221;1&#8243; _builder_version=&#8221;3.19.4&#8243;][et_pb_row _builder_version=&#8221;3.19.4&#8243;][et_pb_column type=&#8221;4_4&#8243; _builder_version=&#8221;3.19.4&#8243; parallax=&#8221;off&#8221; parallax_method=&#8221;on&#8221;][et_pb_text _builder_version=&#8221;3.19.4&#8243;]<\/p>\n<p style=\"text-align: justify;\"><strong>Come modificare l&#8217;indirizzo email di notifica del ricevimento delle fatture elettroniche passive<\/strong><\/p>\n<p style=\"text-align: justify;\">Come visto nel paragrafo precedente, quando una nuova fattura elettronica passiva \u00e8 disponibile in Digital Hub Zucchetti, l&#8217;utente finale riceve una mail di notifica.<\/p>\n<p style=\"text-align: justify;\">Se si desidera modificare l&#8217;indirizzo mail di notifica, \u00e8 necessario:<\/p>\n<p style=\"text-align: justify;\">&#8211; accedere alla pagina delle &#8220;<strong>Impostazioni<\/strong>&#8220;<br \/>&#8211; selezionare l&#8217;opzione &#8220;<strong>Dati azienda<\/strong>&#8221; <br \/>&#8211; modificare l&#8217;indirizzo email per le notifiche e premere il pulsante &#8220;<strong>Conferma<\/strong>&#8220;<\/p>\n<p>[\/et_pb_text][et_pb_image src=&#8221;http:\/\/www.mediacentercube.it\/wp-content\/uploads\/2019\/01\/img_mc3_guida-fatel-42.png&#8221; align=&#8221;center&#8221; _builder_version=&#8221;3.19.4&#8243;][\/et_pb_image][\/et_pb_column][\/et_pb_row][\/et_pb_section][et_pb_section fb_built=&#8221;1&#8243; _builder_version=&#8221;3.19.4&#8243; global_module=&#8221;208759&#8243; saved_tabs=&#8221;all&#8221;][et_pb_row _builder_version=&#8221;3.19.4&#8243;][et_pb_column type=&#8221;1_2&#8243; _builder_version=&#8221;3.0.47&#8243; parallax=&#8221;off&#8221; parallax_method=&#8221;on&#8221;][et_pb_blurb title=&#8221;Guida alla fatturazione elettronica&#8221; image=&#8221;http:\/\/www.mediacentercube.it\/wp-content\/uploads\/2017\/10\/home-office-01.jpg&#8221; image_max_width=&#8221;53%&#8221; _builder_version=&#8221;3.19.4&#8243; header_font=&#8221;|700||||on|||&#8221; header_text_align=&#8221;center&#8221; link_option_url=&#8221;http:\/\/www.mediacentercube.it\/index.php\/guida-fatel-mago\/&#8221;][\/et_pb_blurb][\/et_pb_column][et_pb_column type=&#8221;1_2&#8243; _builder_version=&#8221;3.0.47&#8243; parallax=&#8221;off&#8221; parallax_method=&#8221;on&#8221;][et_pb_text _builder_version=&#8221;3.19.4&#8243;]<\/p>\n<p><strong>Forse potrebbe anche interessarti<\/strong><\/p>\n<p><a href=\"http:\/\/www.mediacentercube.it\/index.php\/ricezione-fatel-magonet\/\">La ricezione delle fatture elettroniche con <strong>Mago.Net<\/strong><\/a><br \/> <a href=\"http:\/\/www.mediacentercube.it\/index.php\/come-ricevere-fatel-dh\/\">Come ricevere una fattura elettronica passiva su DHZ<\/a><br \/> Come importare in DHZ una fattura elettronica ricevuta<br \/> Come stampare una fattura elettronica passiva<br \/> Come registrare su <strong>Mago.Net<\/strong> una Fattura elettronica passiva<\/p>\n<p>[\/et_pb_text][\/et_pb_column][\/et_pb_row][\/et_pb_section][et_pb_section fb_built=&#8221;1&#8243; _builder_version=&#8221;3.19.4&#8243; use_background_color_gradient=&#8221;on&#8221; background_color_gradient_start=&#8221;#148755&#8243; background_image=&#8221;http:\/\/www.mediacentercube.it\/wp-content\/uploads\/2018\/12\/day_care_bg_02.png&#8221;][et_pb_row _builder_version=&#8221;3.19.4&#8243;][et_pb_column type=&#8221;4_4&#8243; _builder_version=&#8221;3.0.47&#8243; parallax=&#8221;off&#8221; parallax_method=&#8221;on&#8221;][et_pb_text _builder_version=&#8221;3.19.4&#8243; text_font=&#8221;||||||||&#8221; header_font=&#8221;|600|||||||&#8221; header_text_align=&#8221;center&#8221; header_text_color=&#8221;#ffffff&#8221;]<\/p>\n<h1>Non hai trovato quello che cercavi?<\/h1>\n<p>[\/et_pb_text][et_pb_button button_url=&#8221;http:\/\/www.mediacentercube.it\/index.php\/contatti\/&#8221; button_text=&#8221;Contattaci&#8221; button_alignment=&#8221;center&#8221; _builder_version=&#8221;3.19.4&#8243; custom_button=&#8221;on&#8221; button_text_color=&#8221;#ffffff&#8221; button_bg_color=&#8221;#148755&#8243; button_border_color=&#8221;#148755&#8243; button_border_radius=&#8221;100px&#8221; button_letter_spacing=&#8221;2px&#8221; button_font=&#8221;Poppins|700|||||||&#8221; button_icon=&#8221;%%20%%&#8221; background_layout=&#8221;dark&#8221;][\/et_pb_button][\/et_pb_column][\/et_pb_row][\/et_pb_section][et_pb_section fb_built=&#8221;1&#8243; custom_padding_last_edited=&#8221;on|desktop&#8221; _builder_version=&#8221;3.0.92&#8243; background_color=&#8221;#727272&#8243; custom_padding=&#8221;50.5156px|0px|28px|0px|false|false&#8221; custom_padding_tablet=&#8221;50px|0|50px|0&#8243; global_module=&#8221;46541&#8243;][et_pb_row _builder_version=&#8221;3.4&#8243; background_size=&#8221;initial&#8221; background_position=&#8221;top_left&#8221; background_repeat=&#8221;repeat&#8221;][et_pb_column type=&#8221;1_2&#8243; _builder_version=&#8221;3.0.47&#8243; parallax=&#8221;off&#8221; parallax_method=&#8221;on&#8221;][et_pb_text disabled_on=&#8221;on|off|off&#8221; _builder_version=&#8221;3.4&#8243; text_font=&#8221;||||||||&#8221; text_font_size=&#8221;12&#8243; text_font_size_phone=&#8221;14px&#8221; text_font_size_last_edited=&#8221;on|phone&#8221; header_font=&#8221;||||||||&#8221; header_font_size_phone=&#8221;30px&#8221; header_font_size_last_edited=&#8221;on|phone&#8221; header_2_font=&#8221;||||||||&#8221; header_3_font=&#8221;||||||||&#8221; header_4_font=&#8221;||||||||&#8221; header_4_font_size=&#8221;16px&#8221; background_size=&#8221;initial&#8221; background_position=&#8221;top_left&#8221; background_repeat=&#8221;repeat&#8221; background_layout=&#8221;dark&#8221; border_style=&#8221;solid&#8221;]<\/p>\n<h3><strong>MEDIA CENTER cube s.r.l.<\/strong><\/h3>\n<h4>Via\u00a0Renato Prunas 8 \u2013 09126 Cagliari<\/h4>\n<h5>(+39) <strong>070670593<\/strong> \u2013 <i class=\" fa fa-envelope-o\"><\/i> info@mediacentercube.it<\/h5>\n<h4><small><span style=\"font-size: small;\">P.IVA 02197430925<\/span><\/small><\/h4>\n<p>[\/et_pb_text][et_pb_text disabled_on=&#8221;on|off|off&#8221; _builder_version=&#8221;3.4&#8243; text_font=&#8221;|600||||on|||&#8221; text_text_color=&#8221;#000000&#8243; text_font_size=&#8221;18px&#8221; text_text_shadow_style=&#8221;preset1&#8243; link_font=&#8221;||||||||&#8221; custom_margin=&#8221;-10px||0px|&#8221; custom_padding=&#8221;||0px|&#8221;]<\/p>\n<p style=\"text-align: center;\"><a href=\"http:\/\/www.mediacentercube.it\/index.php\/privacy\/\" target=\"_blank\" rel=\"noopener noreferrer\">Privacy<\/a><\/p>\n<p>[\/et_pb_text][\/et_pb_column][et_pb_column type=&#8221;1_2&#8243; _builder_version=&#8221;3.0.47&#8243; parallax=&#8221;off&#8221; parallax_method=&#8221;on&#8221;][et_pb_text disabled_on=&#8221;off|on|on&#8221; _builder_version=&#8221;3.2.2&#8243; text_font=&#8221;||||||||&#8221; text_font_size=&#8221;12&#8243; text_font_size_phone=&#8221;14px&#8221; text_font_size_last_edited=&#8221;on|phone&#8221; header_font=&#8221;||||||||&#8221; header_font_size_phone=&#8221;30px&#8221; header_font_size_last_edited=&#8221;on|phone&#8221; header_2_font=&#8221;||||||||&#8221; header_3_font=&#8221;||||||||&#8221; header_3_font_size_phone=&#8221;18px&#8221; header_3_font_size_last_edited=&#8221;on|phone&#8221; header_4_font=&#8221;||||||||&#8221; header_4_font_size=&#8221;16px&#8221; background_size=&#8221;initial&#8221; background_position=&#8221;top_left&#8221; background_repeat=&#8221;repeat&#8221; background_layout=&#8221;dark&#8221; border_style=&#8221;solid&#8221;]<\/p>\n<h3><strong>MEDIA CENTER cube s.r.l.<\/strong><\/h3>\n<h4>Via\u00a0Renato Prunas 8 <br \/>09126 Cagliari<\/h4>\n<h5>(+39) <strong>070670593<\/strong>\u00a0<br \/>info@mediacentercube.it<\/h5>\n<h4><small><span style=\"font-size: small;\">P.IVA 02197430925<\/span><\/small><\/h4>\n<p>[\/et_pb_text][et_pb_text disabled_on=&#8221;off|on|on&#8221; _builder_version=&#8221;3.4&#8243; text_font=&#8221;|600||||on|||&#8221; text_text_color=&#8221;#000000&#8243; text_font_size=&#8221;18px&#8221; text_text_shadow_style=&#8221;preset1&#8243; link_font=&#8221;||||||||&#8221;]<\/p>\n<p style=\"text-align: center;\"><a href=\"http:\/\/www.mediacentercube.it\/index.php\/privacy\/\" target=\"_blank\" rel=\"noopener noreferrer\">Privacy<\/a><\/p>\n<p>[\/et_pb_text][\/et_pb_column][\/et_pb_row][\/et_pb_section]<\/p>\n<!--CusAds0-->\n<div style=\"font-size: 0px; height: 0px; line-height: 0px; margin: 0; padding: 0; clear: both;\"><\/div>","protected":false},"excerpt":{"rendered":"<p>&nbsp; &nbsp; &nbsp; &nbsp;Per ricevere le fatture elettroniche direttamente sul Digital Hub Zucchetti (DHZ) occorre comunicare ai propri fornitori il Codice Destinatario FE. Nel caso di aziende private (B2B &#8211; Business to Business) il Codice Destinatario FE rappresenta il canale accreditato dal Sistema di Interscambio (SDI) utilizzato dal cliente, nel caso del Digital Hub di [&hellip;]<\/p>\n","protected":false},"author":1,"featured_media":0,"parent":0,"menu_order":0,"comment_status":"closed","ping_status":"closed","template":"","meta":{"_et_pb_use_builder":"on","_et_pb_old_content":"","_et_gb_content_width":"","footnotes":""},"class_list":["post-208786","page","type-page","status-publish","hentry"],"_links":{"self":[{"href":"http:\/\/www.mediacentercube.it\/index.php\/wp-json\/wp\/v2\/pages\/208786","targetHints":{"allow":["GET"]}}],"collection":[{"href":"http:\/\/www.mediacentercube.it\/index.php\/wp-json\/wp\/v2\/pages"}],"about":[{"href":"http:\/\/www.mediacentercube.it\/index.php\/wp-json\/wp\/v2\/types\/page"}],"author":[{"embeddable":true,"href":"http:\/\/www.mediacentercube.it\/index.php\/wp-json\/wp\/v2\/users\/1"}],"replies":[{"embeddable":true,"href":"http:\/\/www.mediacentercube.it\/index.php\/wp-json\/wp\/v2\/comments?post=208786"}],"version-history":[{"count":0,"href":"http:\/\/www.mediacentercube.it\/index.php\/wp-json\/wp\/v2\/pages\/208786\/revisions"}],"wp:attachment":[{"href":"http:\/\/www.mediacentercube.it\/index.php\/wp-json\/wp\/v2\/media?parent=208786"}],"curies":[{"name":"wp","href":"https:\/\/api.w.org\/{rel}","templated":true}]}}