{"id":320,"date":"2016-10-05T11:48:33","date_gmt":"2016-10-05T09:48:33","guid":{"rendered":"http:\/\/www.mediacentercube.it\/?page_id=320"},"modified":"2020-11-18T13:00:01","modified_gmt":"2020-11-18T12:00:01","slug":"mow","status":"publish","type":"page","link":"https:\/\/www.mediacentercube.it\/index.php\/mow\/","title":{"rendered":"MoW"},"content":{"rendered":"<p>[et_pb_section fb_built=&#8221;1&#8243; next_background_color=&#8221;#ffffff&#8221; admin_label=&#8221;Hero&#8221; _builder_version=&#8221;3.28&#8243; use_background_color_gradient=&#8221;on&#8221; background_color_gradient_start=&#8221;#283d4b&#8221; background_color_gradient_end=&#8221;rgba(128,103,79,0.5)&#8221; background_color_gradient_direction=&#8221;70deg&#8221; background_color_gradient_overlays_image=&#8221;on&#8221; background_image=&#8221;https:\/\/www.mediacentercube.it\/wp-content\/uploads\/2016\/10\/img_head_mow.jpg&#8221; custom_margin=&#8221;||3%|&#8221; custom_padding=&#8221;6vw||30px||false|false&#8221; bottom_divider_style=&#8221;mountains2&#8243; bottom_divider_height=&#8221;20vw&#8221; bottom_divider_repeat=&#8221;0.5x&#8221; bottom_divider_flip=&#8221;horizontal|vertical&#8221; fb_built=&#8221;1&#8243; _i=&#8221;0&#8243; _address=&#8221;0&#8243;][et_pb_row _builder_version=&#8221;3.25&#8243; custom_margin=&#8221;|||&#8221; custom_padding=&#8221;27px|0px|0|0px|false|false&#8221; _i=&#8221;0&#8243; _address=&#8221;0.0&#8243;][et_pb_column type=&#8221;4_4&#8243; _builder_version=&#8221;3.25&#8243; custom_padding=&#8221;|||&#8221; _i=&#8221;0&#8243; _address=&#8221;0.0.0&#8243; custom_padding__hover=&#8221;|||&#8221;][et_pb_text _builder_version=&#8221;3.28&#8243; text_font=&#8221;||||||||&#8221; header_font=&#8221;Josefin Sans|700|||||||&#8221; header_font_size=&#8221;90px&#8221; header_line_height=&#8221;1.4em&#8221; header_2_font=&#8221;Josefin Sans||||||||&#8221; header_2_text_color=&#8221;rgba(255,255,255,0.6)&#8221; header_2_font_size=&#8221;32px&#8221; header_2_line_height=&#8221;1.4em&#8221; background_layout=&#8221;dark&#8221; animation_style=&#8221;slide&#8221; animation_direction=&#8221;right&#8221; animation_intensity_slide=&#8221;4%&#8221; header_font_size_tablet=&#8221;50px&#8221; header_font_size_phone=&#8221;32px&#8221; header_font_size_last_edited=&#8221;on|desktop&#8221; header_2_font_size_phone=&#8221;24px&#8221; header_2_font_size_last_edited=&#8221;on|phone&#8221; _i=&#8221;0&#8243; _address=&#8221;0.0.0.0&#8243;]<\/p>\n<h1>MoW<\/h1>\n<h2>Mago On the Web<\/h2>\n<p>[\/et_pb_text][\/et_pb_column][\/et_pb_row][et_pb_row column_structure=&#8221;1_2,1_2&#8243; _builder_version=&#8221;3.25&#8243; custom_padding=&#8221;0|0px|27px|0px|false|false&#8221; locked=&#8221;off&#8221; _i=&#8221;1&#8243; _address=&#8221;0.1&#8243;][et_pb_column type=&#8221;1_2&#8243; _builder_version=&#8221;3.25&#8243; custom_padding=&#8221;|||&#8221; _i=&#8221;0&#8243; _address=&#8221;0.1.0&#8243; custom_padding__hover=&#8221;|||&#8221;][\/et_pb_column][et_pb_column type=&#8221;1_2&#8243; _builder_version=&#8221;3.25&#8243; custom_padding=&#8221;|||&#8221; _i=&#8221;1&#8243; _address=&#8221;0.1.1&#8243; custom_padding__hover=&#8221;|||&#8221;][\/et_pb_column][\/et_pb_row][et_pb_row use_custom_gutter=&#8221;on&#8221; gutter_width=&#8221;1&#8243; disabled_on=&#8221;on|off|off&#8221; module_class=&#8221; et_pb_row_fullwidth&#8221; _builder_version=&#8221;3.25&#8243; width=&#8221;100%&#8221; width_tablet=&#8221;100%&#8221; width_last_edited=&#8221;on|desktop&#8221; max_width=&#8221;100%&#8221; max_width_tablet=&#8221;100%&#8221; max_width_last_edited=&#8221;on|desktop&#8221; make_fullwidth=&#8221;on&#8221; locked=&#8221;off&#8221; _i=&#8221;2&#8243; _address=&#8221;0.2&#8243;][et_pb_column type=&#8221;4_4&#8243; _builder_version=&#8221;3.25&#8243; custom_padding=&#8221;|||&#8221; _i=&#8221;0&#8243; _address=&#8221;0.2.0&#8243; custom_padding__hover=&#8221;|||&#8221;][et_pb_text _builder_version=&#8221;3.28&#8243; text_font=&#8221;Josefin Sans|700||on|||||&#8221; text_text_color=&#8221;rgba(255,255,255,0.2)&#8221; text_font_size=&#8221;15vw&#8221; text_line_height=&#8221;1em&#8221; quote_font=&#8221;||||||||&#8221; header_font=&#8221;||||||||&#8221; custom_margin=&#8221;||-0.4em|&#8221; custom_padding=&#8221;|||&#8221; filter_blur=&#8221;7px&#8221; animation_style=&#8221;slide&#8221; animation_direction=&#8221;right&#8221; animation_duration=&#8221;10000ms&#8221; animation_intensity_slide=&#8221;10%&#8221; animation_starting_opacity=&#8221;40%&#8221; animation_speed_curve=&#8221;linear&#8221; text_font_size_tablet=&#8221;124px&#8221; text_font_size_phone=&#8221;90px&#8221; text_font_size_last_edited=&#8221;off|desktop&#8221; _i=&#8221;0&#8243; _address=&#8221;0.2.0.0&#8243;]<\/p>\n<p>Mago Web<\/p>\n<p>[\/et_pb_text][\/et_pb_column][\/et_pb_row][\/et_pb_section][et_pb_section fb_built=&#8221;1&#8243; custom_padding_last_edited=&#8221;on|desktop&#8221; _builder_version=&#8221;3.22&#8243; background_color=&#8221;#ffffff&#8221; custom_padding=&#8221;29px|||||&#8221; custom_padding_tablet=&#8221;50px|0|50px|0&#8243; transparent_background=&#8221;off&#8221; padding_mobile=&#8221;off&#8221; fb_built=&#8221;1&#8243; _i=&#8221;1&#8243; _address=&#8221;1&#8243;][et_pb_row _builder_version=&#8221;3.25&#8243; background_size=&#8221;initial&#8221; background_position=&#8221;top_left&#8221; background_repeat=&#8221;repeat&#8221; _i=&#8221;0&#8243; _address=&#8221;1.0&#8243;][et_pb_column type=&#8221;4_4&#8243; _builder_version=&#8221;3.25&#8243; custom_padding=&#8221;|||&#8221; _i=&#8221;0&#8243; _address=&#8221;1.0.0&#8243; custom_padding__hover=&#8221;|||&#8221;][et_pb_text _builder_version=&#8221;3.28&#8243; background_size=&#8221;initial&#8221; background_position=&#8221;top_left&#8221; background_repeat=&#8221;repeat&#8221; use_border_color=&#8221;off&#8221; border_color=&#8221;#ffffff&#8221; border_style=&#8221;solid&#8221; _i=&#8221;0&#8243; _address=&#8221;1.0.0.0&#8243;]<\/p>\n<p style=\"text-align: justify;\">Attualmente l&#8217;elemento cardine attorno al quale ruota l&#8217;attenzione delle Aziende commerciali con maggior successo \u00e8 il settore <strong>business-to-business<\/strong>.<\/p>\n<p style=\"text-align: justify;\"><strong>Raccogliere ordini dal Web<\/strong> \u00e8 pi\u00f9 <strong>facile<\/strong> se l&#8217;ecommerce \u00e8 <strong>sincronizzato<\/strong> con il tuo <strong>gestionale<\/strong>.<\/p>\n<p style=\"text-align: justify;\"><strong>Mago On the Web<\/strong> \u00e8 un&#8217;integrazione che mette in comunicazione\u00a0 <strong>Mago\u00a0<\/strong>con il <strong>sito Web<\/strong> Aziendale.<\/p>\n<p>[\/et_pb_text][\/et_pb_column][\/et_pb_row][et_pb_row column_structure=&#8221;3_4,1_4&#8243; _builder_version=&#8221;3.25&#8243; background_size=&#8221;initial&#8221; background_position=&#8221;top_left&#8221; background_repeat=&#8221;repeat&#8221; _i=&#8221;1&#8243; _address=&#8221;1.1&#8243;][et_pb_column type=&#8221;3_4&#8243; _builder_version=&#8221;3.25&#8243; custom_padding=&#8221;|||&#8221; _i=&#8221;0&#8243; _address=&#8221;1.1.0&#8243; custom_padding__hover=&#8221;|||&#8221;][et_pb_text _builder_version=&#8221;3.28&#8243; background_size=&#8221;initial&#8221; background_position=&#8221;top_left&#8221; background_repeat=&#8221;repeat&#8221; use_border_color=&#8221;off&#8221; border_color=&#8221;#ffffff&#8221; border_style=&#8221;solid&#8221; _i=&#8221;0&#8243; _address=&#8221;1.1.0.0&#8243;]<\/p>\n<p style=\"text-align: justify;\"><strong>Mago On the Web<\/strong> \u00e8 la soluzione pensata da <strong>Media Center cube<\/strong> per gestire <strong>con un unico strumento<\/strong> ordini dal Web e magazzino su <strong>Mago<\/strong>. L&#8217;anagrafica nel gestionale <strong>Mago\u00a0<\/strong>viene\u00a0 pubblicata in tempo reale sul sito Aziendale tramite <strong>Mago On the Web<\/strong> tenendo sincronizzate le quantit\u00e0, il listino Cliente, la scheda tecnica e i tempi di arrivo merce.<\/p>\n<p style=\"text-align: justify;\">Gli ordini inseriti da Web vengono acquisiti direttamente su <strong>Mago\u00a0<\/strong>e, dopo la verifica amministrativa (pagamento PayPal, Banca Sella, o definito con il Cliente) sono pronti per l&#8217;evasione e la fatturazione. Gli adempimenti amministrativi come la scrittura del Libro Giornale, Registro IVA, Scadenzario, ecc. sono completamente automatizzati.<\/p>\n<p>[\/et_pb_text][\/et_pb_column][et_pb_column type=&#8221;1_4&#8243; _builder_version=&#8221;3.25&#8243; custom_padding=&#8221;|||&#8221; _i=&#8221;1&#8243; _address=&#8221;1.1.1&#8243; custom_padding__hover=&#8221;|||&#8221;][et_pb_divider show_divider=&#8221;off&#8221; disabled_on=&#8221;on|on|off&#8221; _builder_version=&#8221;3.2&#8243; hide_on_mobile=&#8221;on&#8221; _i=&#8221;0&#8243; _address=&#8221;1.1.1.0&#8243;][\/et_pb_divider][et_pb_image src=&#8221;https:\/\/www.mediacentercube.it\/wp-content\/uploads\/2016\/10\/img_logomow.png&#8221; align=&#8221;center&#8221; align_tablet=&#8221;center&#8221; align_last_edited=&#8221;on|desktop&#8221; _builder_version=&#8221;3.23&#8243; animation_style=&#8221;slide&#8221; animation_direction=&#8221;left&#8221; animation_duration=&#8221;500ms&#8221; animation_intensity_slide=&#8221;10%&#8221; use_border_color=&#8221;off&#8221; border_color=&#8221;#ffffff&#8221; border_style=&#8221;solid&#8221; animation=&#8221;left&#8221; sticky=&#8221;off&#8221; _i=&#8221;1&#8243; _address=&#8221;1.1.1.1&#8243;][\/et_pb_image][\/et_pb_column][\/et_pb_row][et_pb_row _builder_version=&#8221;3.25&#8243; background_size=&#8221;initial&#8221; background_position=&#8221;top_left&#8221; background_repeat=&#8221;repeat&#8221; _i=&#8221;2&#8243; _address=&#8221;1.2&#8243;][et_pb_column type=&#8221;4_4&#8243; _builder_version=&#8221;3.25&#8243; custom_padding=&#8221;|||&#8221; _i=&#8221;0&#8243; _address=&#8221;1.2.0&#8243; custom_padding__hover=&#8221;|||&#8221;][et_pb_text _builder_version=&#8221;3.27.4&#8243; background_size=&#8221;initial&#8221; background_position=&#8221;top_left&#8221; background_repeat=&#8221;repeat&#8221; use_border_color=&#8221;off&#8221; border_color=&#8221;#ffffff&#8221; border_style=&#8221;solid&#8221; _i=&#8221;0&#8243; _address=&#8221;1.2.0.0&#8243;]<\/p>\n<p style=\"text-align: justify;\"><strong>Con un sito di ecommerce b2b \u00e8 semplice automatizzare le vendite<\/strong><\/p>\n<p style=\"text-align: justify;\">Grazie alla sincronizzazione dei dati la forza vendita dell&#8217;azienda viene automatizzata, gli ordini saranno raccolti dal Web in maniera veloce e sicura. In pi\u00f9 potrai lavorare con tutte le tue risorse aziendali (storico ordini, fatture, scadenziario pagamenti, marginalit\u00e0 e infinite statistiche).<\/p>\n<p style=\"text-align: justify;\"><strong>Mago On the Web \u00e8 vantaggioso<\/strong><\/p>\n<p style=\"text-align: justify;\">Con il B2B dai vita un commercio online e aumenti sensibilmente i tuoi clienti. Come? Mettendo sul Web i tuoi prodotti e la tua attivit\u00e0, fidelizzando i tuoi acquirenti, vecchi e nuovi, facendoti trovare sui motori di ricerca. Non avrai spese aggiuntive, i prodotti verranno aggiornati automaticamente in base al magazzino e vedrai ampliare presto il tuo business!<\/p>\n<p>[\/et_pb_text][\/et_pb_column][\/et_pb_row][\/et_pb_section][et_pb_section fb_built=&#8221;1&#8243; custom_padding_last_edited=&#8221;on|desktop&#8221; _builder_version=&#8221;3.22&#8243; background_color=&#8221;#148755&#8243; parallax=&#8221;on&#8221; parallax_method=&#8221;off&#8221; custom_padding_tablet=&#8221;50px|0|50px|0&#8243; transparent_background=&#8221;off&#8221; padding_mobile=&#8221;off&#8221; fb_built=&#8221;1&#8243; _i=&#8221;2&#8243; _address=&#8221;2&#8243;][et_pb_row column_structure=&#8221;2_3,1_3&#8243; _builder_version=&#8221;3.25&#8243; background_size=&#8221;initial&#8221; background_position=&#8221;top_left&#8221; background_repeat=&#8221;repeat&#8221; _i=&#8221;0&#8243; _address=&#8221;2.0&#8243;][et_pb_column type=&#8221;2_3&#8243; _builder_version=&#8221;3.25&#8243; custom_padding=&#8221;|||&#8221; _i=&#8221;0&#8243; _address=&#8221;2.0.0&#8243; custom_padding__hover=&#8221;|||&#8221;][et_pb_text _builder_version=&#8221;3.27.4&#8243; background_size=&#8221;initial&#8221; background_position=&#8221;top_left&#8221; background_repeat=&#8221;repeat&#8221; background_layout=&#8221;dark&#8221; use_border_color=&#8221;off&#8221; border_color=&#8221;#ffffff&#8221; border_style=&#8221;solid&#8221; _i=&#8221;0&#8243; _address=&#8221;2.0.0.0&#8243;]<\/p>\n<h2>Desideri <strong>approfondire<\/strong>\u00a0questo <strong>argomento<\/strong>?<br \/>\nVuoi\u00a0ricevere una <strong>demo gratuita\u00a0<\/strong>di<br \/>\n<strong>\u00a0\u00a0\u00a0\u00a0\u00a0\u00a0\u00a0\u00a0\u00a0\u00a0\u00a0\u00a0\u00a0\u00a0\u00a0\u00a0\u00a0\u00a0\u00a0\u00a0\u00a0\u00a0\u00a0\u00a0\u00a0\u00a0\u00a0\u00a0\u00a0\u00a0\u00a0\u00a0\u00a0\u00a0\u00a0\u00a0\u00a0\u00a0\u00a0\u00a0\u00a0\u00a0 Mago On <\/strong>the<strong> Web<\/strong>?<\/h2>\n<h4>clicca sulla <strong>richiesta di contatto<\/strong> oppure chiamaci allo <strong>070.670593<\/strong><\/h4>\n<p>[\/et_pb_text][\/et_pb_column][et_pb_column type=&#8221;1_3&#8243; _builder_version=&#8221;3.25&#8243; custom_padding=&#8221;|||&#8221; _i=&#8221;1&#8243; _address=&#8221;2.0.1&#8243; custom_padding__hover=&#8221;|||&#8221;][et_pb_cta button_url=&#8221;http:\/\/www.mediacentercube.it\/index.php\/contatti\/&#8221; button_text=&#8221;Richiedi una demo gratuita&#8221; _builder_version=&#8221;3.16&#8243; use_background_color=&#8221;off&#8221; background_size=&#8221;initial&#8221; background_position=&#8221;top_left&#8221; background_repeat=&#8221;repeat&#8221; custom_button=&#8221;on&#8221; button_text_size=&#8221;16&#8243; text_orientation=&#8221;right&#8221; use_border_color=&#8221;off&#8221; border_color=&#8221;#ffffff&#8221; border_style=&#8221;solid&#8221; button_text_color_hover=&#8221;#148755&#8243; button_letter_spacing_hover=&#8221;0&#8243; button_bg_color_hover=&#8221;#ffffff&#8221; button_text_size__hover_enabled=&#8221;off&#8221; button_one_text_size__hover_enabled=&#8221;off&#8221; button_two_text_size__hover_enabled=&#8221;off&#8221; button_text_color__hover_enabled=&#8221;on&#8221; button_text_color__hover=&#8221;#148755&#8243; button_one_text_color__hover_enabled=&#8221;off&#8221; button_two_text_color__hover_enabled=&#8221;off&#8221; button_border_width__hover_enabled=&#8221;off&#8221; button_one_border_width__hover_enabled=&#8221;off&#8221; button_two_border_width__hover_enabled=&#8221;off&#8221; button_border_color__hover_enabled=&#8221;off&#8221; button_one_border_color__hover_enabled=&#8221;off&#8221; button_two_border_color__hover_enabled=&#8221;off&#8221; button_border_radius__hover_enabled=&#8221;off&#8221; button_one_border_radius__hover_enabled=&#8221;off&#8221; button_two_border_radius__hover_enabled=&#8221;off&#8221; button_letter_spacing__hover_enabled=&#8221;on&#8221; button_letter_spacing__hover=&#8221;0&#8243; button_one_letter_spacing__hover_enabled=&#8221;off&#8221; button_two_letter_spacing__hover_enabled=&#8221;off&#8221; button_bg_color__hover_enabled=&#8221;on&#8221; button_bg_color__hover=&#8221;#ffffff&#8221; button_one_bg_color__hover_enabled=&#8221;off&#8221; button_two_bg_color__hover_enabled=&#8221;off&#8221; _i=&#8221;0&#8243; _address=&#8221;2.0.1.0&#8243;][\/et_pb_cta][\/et_pb_column][\/et_pb_row][\/et_pb_section][et_pb_section fb_built=&#8221;1&#8243; custom_padding_last_edited=&#8221;on|desktop&#8221; _builder_version=&#8221;3.22&#8243; background_color=&#8221;#f2f2f2&#8243; custom_padding_tablet=&#8221;50px|0|50px|0&#8243; transparent_background=&#8221;off&#8221; padding_mobile=&#8221;off&#8221; fb_built=&#8221;1&#8243; _i=&#8221;3&#8243; _address=&#8221;3&#8243;][et_pb_row _builder_version=&#8221;3.25&#8243; background_size=&#8221;initial&#8221; background_position=&#8221;top_left&#8221; background_repeat=&#8221;repeat&#8221; _i=&#8221;0&#8243; _address=&#8221;3.0&#8243;][et_pb_column type=&#8221;4_4&#8243; _builder_version=&#8221;3.25&#8243; custom_padding=&#8221;|||&#8221; _i=&#8221;0&#8243; _address=&#8221;3.0.0&#8243; custom_padding__hover=&#8221;|||&#8221;][et_pb_text _builder_version=&#8221;3.28&#8243; text_font_size=&#8221;32px&#8221; background_size=&#8221;initial&#8221; background_position=&#8221;top_left&#8221; background_repeat=&#8221;repeat&#8221; hover_enabled=&#8221;0&#8243; text_font_size_tablet=&#8221;18px&#8221; text_font_size_last_edited=&#8221;on|desktop&#8221; use_border_color=&#8221;off&#8221; border_color=&#8221;#ffffff&#8221; border_style=&#8221;solid&#8221; _i=&#8221;0&#8243; _address=&#8221;3.0.0.0&#8243; text_font=&#8221;Montserrat||||||||&#8221;]<\/p>\n<p style=\"text-align: center;\"><strong>Sappiamo interpretare i<\/strong> <strong>tuoi bisogni e tradurli in soluzioni<\/strong><\/p>\n<p>[\/et_pb_text][\/et_pb_column][\/et_pb_row][\/et_pb_section][et_pb_section fb_built=&#8221;1&#8243; _builder_version=&#8221;3.28&#8243; background_color=&#8221;#8f8f8f&#8221; custom_padding=&#8221;31px||30px|||&#8221; saved_tabs=&#8221;all&#8221; fb_built=&#8221;1&#8243; _i=&#8221;0&#8243; _address=&#8221;0&#8243; global_module=&#8221;211728&#8243;][et_pb_row column_structure=&#8221;1_3,1_3,1_3&#8243; _builder_version=&#8221;3.28&#8243; _i=&#8221;0&#8243; _address=&#8221;0.0&#8243;][et_pb_column type=&#8221;1_3&#8243; _builder_version=&#8221;3.28&#8243; _i=&#8221;0&#8243; _address=&#8221;0.0.0&#8243;][et_pb_text _builder_version=&#8221;3.28&#8243; text_font=&#8221;Montserrat|600||||on|||&#8221; text_text_color=&#8221;#ffffff&#8221; text_font_size=&#8221;18px&#8221; text_font_size_last_edited=&#8221;on|desktop&#8221; text_text_shadow_style=&#8221;preset2&#8243; _i=&#8221;0&#8243; _address=&#8221;0.0.0.0&#8243;]<\/p>\n<p><span style=\"color: #ffffff;\"><a href=\"http:\/\/www.mediacentercube.it\/index.php\/azienda\" style=\"color: #ffffff;\">Azienda<\/a><\/span><\/p>\n<p><span style=\"color: #ffffff;\">Prodotti<\/span><\/p>\n<p><span style=\"color: #ffffff;\"><a href=\"http:\/\/www.mediacentercube.it\/index.php\/servizi\/\" style=\"color: #ffffff;\">Servizi<\/a><\/span><\/p>\n<p><span style=\"color: #ffffff;\"><a href=\"http:\/\/www.mediacentercube.it\/index.php\/blog\/\" style=\"color: #ffffff;\">Blog<\/a><\/span><\/p>\n<p><span style=\"color: #ffffff;\"><a href=\"http:\/\/www.mediacentercube.it\/index.php\/privacy\/\" style=\"color: #ffffff;\">Privacy\u00a0<\/a><\/span><\/p>\n<p>[\/et_pb_text][\/et_pb_column][et_pb_column type=&#8221;1_3&#8243; _builder_version=&#8221;3.28&#8243; _i=&#8221;1&#8243; _address=&#8221;0.0.1&#8243;][et_pb_text _builder_version=&#8221;3.28&#8243; text_font=&#8221;Montserrat|600||||on|||&#8221; text_text_color=&#8221;#ffffff&#8221; text_font_size=&#8221;18px&#8221; text_text_shadow_style=&#8221;preset2&#8243; _i=&#8221;0&#8243; _address=&#8221;0.0.1.0&#8243;]<\/p>\n<p><span style=\"color: #ffffff;\"><a href=\"http:\/\/www.mediacentercube.it\/index.php\/mago4\/\" style=\"color: #ffffff;\">Mago4<\/a><\/span><\/p>\n<p><span style=\"color: #ffffff;\"><a href=\"http:\/\/www.mediacentercube.it\/index.php\/infobusiness\/\" style=\"color: #ffffff;\">InfoBusiness<\/a><\/span><\/p>\n<p><span style=\"color: #ffffff;\"><a href=\"http:\/\/www.mediacentercube.it\/index.php\/mow\/\" style=\"color: #ffffff;\">MoW<\/a><\/span><\/p>\n<p><span style=\"color: #ffffff;\"><a href=\"http:\/\/www.mediacentercube.it\/index.php\/mcquick\/\" style=\"color: #ffffff;\">MCQuick<\/a><\/span><\/p>\n<p><span style=\"color: #ffffff;\"><a href=\"http:\/\/www.mediacentercube.it\/index.php\/registratori-cassa-telematici\/\" style=\"color: #ffffff;\">Registratori di Cassa<\/a><\/span><\/p>\n<p>[\/et_pb_text][\/et_pb_column][et_pb_column type=&#8221;1_3&#8243; _builder_version=&#8221;3.28&#8243; _i=&#8221;2&#8243; _address=&#8221;0.0.2&#8243;][et_pb_image src=&#8221;http:\/\/www.mediacentercube.it\/wp-content\/uploads\/2020\/11\/logo_mediacentercube-white-grey.png&#8221; _builder_version=&#8221;3.28&#8243; custom_margin=&#8221;||12px|||&#8221; _i=&#8221;0&#8243; _address=&#8221;0.0.2.0&#8243;][\/et_pb_image][et_pb_text _builder_version=&#8221;3.28&#8243; text_font=&#8221;Montserrat|600||||on|||&#8221; text_text_color=&#8221;#ffffff&#8221; text_font_size=&#8221;16px&#8221; text_text_shadow_style=&#8221;preset3&#8243; _i=&#8221;1&#8243; _address=&#8221;0.0.2.1&#8243;]<\/p>\n<p>Via Renato Prunas 8<br \/> 09126 Cagliari (CA)<br \/> Tel. 070 67 05 93<br \/> P.IVA 02197430925<br \/> PEC postmaster@pec.mediacentercube.it<\/p>\n<p>[\/et_pb_text][\/et_pb_column][\/et_pb_row][\/et_pb_section]<\/p>\n<!--CusAds0-->\n<div style=\"font-size: 0px; height: 0px; line-height: 0px; margin: 0; padding: 0; clear: both;\"><\/div>","protected":false},"excerpt":{"rendered":"<p>MoW Mago On the WebMago WebAttualmente l&#8217;elemento cardine attorno al quale ruota l&#8217;attenzione delle Aziende commerciali con maggior successo \u00e8 il settore business-to-business. Raccogliere ordini dal Web \u00e8 pi\u00f9 facile se l&#8217;ecommerce \u00e8 sincronizzato con il tuo gestionale. Mago On the Web \u00e8 un&#8217;integrazione che mette in comunicazione\u00a0 Mago\u00a0con il sito Web Aziendale.Mago On the [&hellip;]<\/p>\n","protected":false},"author":1,"featured_media":0,"parent":0,"menu_order":0,"comment_status":"closed","ping_status":"closed","template":"","meta":{"_et_pb_use_builder":"on","_et_pb_old_content":"","_et_gb_content_width":"","footnotes":""},"class_list":["post-320","page","type-page","status-publish","hentry"],"_links":{"self":[{"href":"https:\/\/www.mediacentercube.it\/index.php\/wp-json\/wp\/v2\/pages\/320","targetHints":{"allow":["GET"]}}],"collection":[{"href":"https:\/\/www.mediacentercube.it\/index.php\/wp-json\/wp\/v2\/pages"}],"about":[{"href":"https:\/\/www.mediacentercube.it\/index.php\/wp-json\/wp\/v2\/types\/page"}],"author":[{"embeddable":true,"href":"https:\/\/www.mediacentercube.it\/index.php\/wp-json\/wp\/v2\/users\/1"}],"replies":[{"embeddable":true,"href":"https:\/\/www.mediacentercube.it\/index.php\/wp-json\/wp\/v2\/comments?post=320"}],"version-history":[{"count":0,"href":"https:\/\/www.mediacentercube.it\/index.php\/wp-json\/wp\/v2\/pages\/320\/revisions"}],"wp:attachment":[{"href":"https:\/\/www.mediacentercube.it\/index.php\/wp-json\/wp\/v2\/media?parent=320"}],"curies":[{"name":"wp","href":"https:\/\/api.w.org\/{rel}","templated":true}]}}